{"id":10788,"date":"2019-10-24T21:03:16","date_gmt":"2019-10-24T21:03:16","guid":{"rendered":"http:\/\/familytree.dirkme.de\/?page_id=10788"},"modified":"2019-11-23T08:06:07","modified_gmt":"2019-11-23T07:06:07","slug":"esslingen-am-neckar","status":"publish","type":"page","link":"https:\/\/familytree.dirkme.de\/index.php\/orte-location-dirk-messerschmidt-georgii\/esslingen-am-neckar\/","title":{"rendered":"Esslingen am Neckar"},"content":{"rendered":"<p>Esslingen am Neckar, war bis 1964 amtlich E\u00dflingen am Neckar, etwa zehn Kilometer s\u00fcd\u00f6stlich der Stadtmitte von Stuttgart und die gr\u00f6\u00dfte Mittelstadt Baden-W\u00fcrttembergs.Esslingen ist eine der Herkunftsorte der Familie Kepler, Georgii, Bardili, K\u00f6bberling, Messerschmidt, Bogner, Haas, Heckler, Reinhardt, Fl\u00fcgge, Wagner, Georgenau, Kirchhoff, Keppler, Sick, Herwegh, H\u00f6lder, Pregetzer, Fajnor, Braungardt, William, Wiedmann, Weizenh\u00f6fer, u.v.m.<br \/>\n&nbsp;<br \/>\n<a href=\"http:\/\/ahnenforschung.dirkme.de\">Ahnenforschung Genealogy Vorfahren Messerschmidt und Co<\/a><br \/>\n<a href=\"http:\/\/stammbaum.dirkme.de\">Stammbaum Genealogie Ahnen Messerschmidt und Co<\/a><br \/>\n<a href=\"http:\/\/genealogy.dirkme.de\">Genealogy Heritage Ancestors Insertion Ancestry family Messerschmidt and related<\/a><br \/>\n<a href=\"http:\/\/georgii.dirkme.de\">Familie von Georgii Georgenau<\/a><br \/>\n<a href=\"http:\/\/messerschmidt.dirkme.de\">Familie Messerschmidt Wiedmann Weizenh\u00f6fer<\/a><br \/>\n<a href=\"http:\/\/koebberling.dirkme.de\">Familie Carl Jacob Johannes K\u00f6bberling Koebberling<\/a><br \/>\n<a href=\"http:\/\/fluegge.dirkme.de\">Familie Theodor Hans Carl August Fl\u00fcgge<\/a><br \/>\n<a href=\"http:\/\/kepler.dirkme.de\">Familie Johannes Kepler<\/a><br \/>\n<a href=\"http:\/\/bardili.dirkme.de\">Familie Burkhard Bardili<\/a><br \/>\n<a href=\"http:\/\/zeller.dirkme.de\">Familie Professor Johannes Zeller<\/a><\/p>\n","protected":false},"excerpt":{"rendered":"<p>Esslingen am Neckar, war bis 1964 amtlich E\u00dflingen am Neckar, etwa zehn Kilometer s\u00fcd\u00f6stlich der Stadtmitte von Stuttgart und die<\/p>\n","protected":false},"author":1,"featured_media":10790,"parent":10739,"menu_order":0,"comment_status":"closed","ping_status":"closed","template":"","meta":{"footnotes":""},"class_list":["post-10788","page","type-page","status-publish","has-post-thumbnail","hentry","comments-off"],"yoast_head":"<!-- This site is optimized with the Yoast SEO plugin v26.4 - https:\/\/yoast.com\/wordpress\/plugins\/seo\/ -->\n<title>Esslingen am Neckar - Stammbaum Ahnenforschung Messerschmidt Georgii<\/title>\n<meta name=\"description\" content=\"Esslingen am Neckar, war bis 1964 amtlich E\u00dflingen am Neckar, etwa zehn Kilometer s\u00fcd\u00f6stlich der Stadtmitte von Stuttgart und die gr\u00f6\u00dfte Mittelstadt Baden-W\u00fcrttembergs.Esslingen ist eine der Herkunftsorte der Familie Kepler, Georgi, Bardili, K\u00f6bberling, Messerschmidt, Bogner, Haas, Heckler, Reinhardt, Fl\u00fcgge, Wagner, Georgenau, Kirchhoff, Keppler, Sick, Herwegh, H\u00f6lder, Pregetzer, Fajnor, Braungardt, William, Wiedmann, Weizenh\u00f6fer, u.v.m.\" \/>\n<meta name=\"robots\" content=\"index, follow, max-snippet:-1, max-image-preview:large, max-video-preview:-1\" \/>\n<link rel=\"canonical\" href=\"https:\/\/familytree.dirkme.de\/index.php\/orte-location-dirk-messerschmidt-georgii\/esslingen-am-neckar\/\" \/>\n<meta property=\"og:locale\" content=\"de_DE\" \/>\n<meta property=\"og:type\" content=\"article\" \/>\n<meta property=\"og:title\" content=\"Esslingen am Neckar - Stammbaum Ahnenforschung Messerschmidt Georgii\" \/>\n<meta property=\"og:description\" content=\"Esslingen am Neckar, war bis 1964 amtlich E\u00dflingen am Neckar, etwa zehn Kilometer s\u00fcd\u00f6stlich der Stadtmitte von Stuttgart und die gr\u00f6\u00dfte Mittelstadt Baden-W\u00fcrttembergs.Esslingen ist eine der Herkunftsorte der Familie Kepler, Georgi, Bardili, K\u00f6bberling, Messerschmidt, Bogner, Haas, Heckler, Reinhardt, Fl\u00fcgge, Wagner, Georgenau, Kirchhoff, Keppler, Sick, Herwegh, H\u00f6lder, Pregetzer, Fajnor, Braungardt, William, Wiedmann, Weizenh\u00f6fer, u.v.m.\" \/>\n<meta property=\"og:url\" content=\"https:\/\/familytree.dirkme.de\/index.php\/orte-location-dirk-messerschmidt-georgii\/esslingen-am-neckar\/\" \/>\n<meta property=\"og:site_name\" content=\"Stammbaum Ahnenforschung Messerschmidt Georgii\" \/>\n<meta property=\"article:modified_time\" content=\"2019-11-23T07:06:07+00:00\" \/>\n<meta property=\"og:image\" content=\"https:\/\/familytree.dirkme.de\/wp-content\/uploads\/2019\/10\/esslingen-3094940_1920.jpg\" \/>\n\t<meta property=\"og:image:width\" content=\"1280\" \/>\n\t<meta property=\"og:image:height\" content=\"949\" \/>\n\t<meta property=\"og:image:type\" content=\"image\/jpeg\" \/>\n<meta name=\"twitter:card\" content=\"summary_large_image\" \/>\n<meta name=\"twitter:label1\" content=\"Gesch\u00e4tzte Lesezeit\" \/>\n\t<meta name=\"twitter:data1\" content=\"1\u00a0Minute\" \/>\n<script type=\"application\/ld+json\" class=\"yoast-schema-graph\">{\"@context\":\"https:\/\/schema.org\",\"@graph\":[{\"@type\":\"WebPage\",\"@id\":\"https:\/\/familytree.dirkme.de\/index.php\/orte-location-dirk-messerschmidt-georgii\/esslingen-am-neckar\/\",\"url\":\"https:\/\/familytree.dirkme.de\/index.php\/orte-location-dirk-messerschmidt-georgii\/esslingen-am-neckar\/\",\"name\":\"Esslingen am Neckar - Stammbaum Ahnenforschung Messerschmidt Georgii\",\"isPartOf\":{\"@id\":\"https:\/\/familytree.dirkme.de\/#website\"},\"primaryImageOfPage\":{\"@id\":\"https:\/\/familytree.dirkme.de\/index.php\/orte-location-dirk-messerschmidt-georgii\/esslingen-am-neckar\/#primaryimage\"},\"image\":{\"@id\":\"https:\/\/familytree.dirkme.de\/index.php\/orte-location-dirk-messerschmidt-georgii\/esslingen-am-neckar\/#primaryimage\"},\"thumbnailUrl\":\"https:\/\/familytree.dirkme.de\/wp-content\/uploads\/2019\/10\/esslingen-3094940_1920.jpg\",\"datePublished\":\"2019-10-24T21:03:16+00:00\",\"dateModified\":\"2019-11-23T07:06:07+00:00\",\"description\":\"Esslingen am Neckar, war bis 1964 amtlich E\u00dflingen am Neckar, etwa zehn Kilometer s\u00fcd\u00f6stlich der Stadtmitte von Stuttgart und die gr\u00f6\u00dfte Mittelstadt Baden-W\u00fcrttembergs.Esslingen ist eine der Herkunftsorte der Familie Kepler, Georgi, Bardili, K\u00f6bberling, Messerschmidt, Bogner, Haas, Heckler, Reinhardt, Fl\u00fcgge, Wagner, Georgenau, Kirchhoff, Keppler, Sick, Herwegh, H\u00f6lder, Pregetzer, Fajnor, Braungardt, William, Wiedmann, Weizenh\u00f6fer, u.v.m.\",\"breadcrumb\":{\"@id\":\"https:\/\/familytree.dirkme.de\/index.php\/orte-location-dirk-messerschmidt-georgii\/esslingen-am-neckar\/#breadcrumb\"},\"inLanguage\":\"de\",\"potentialAction\":[{\"@type\":\"ReadAction\",\"target\":[\"https:\/\/familytree.dirkme.de\/index.php\/orte-location-dirk-messerschmidt-georgii\/esslingen-am-neckar\/\"]}]},{\"@type\":\"ImageObject\",\"inLanguage\":\"de\",\"@id\":\"https:\/\/familytree.dirkme.de\/index.php\/orte-location-dirk-messerschmidt-georgii\/esslingen-am-neckar\/#primaryimage\",\"url\":\"https:\/\/familytree.dirkme.de\/wp-content\/uploads\/2019\/10\/esslingen-3094940_1920.jpg\",\"contentUrl\":\"https:\/\/familytree.dirkme.de\/wp-content\/uploads\/2019\/10\/esslingen-3094940_1920.jpg\",\"width\":1280,\"height\":949},{\"@type\":\"BreadcrumbList\",\"@id\":\"https:\/\/familytree.dirkme.de\/index.php\/orte-location-dirk-messerschmidt-georgii\/esslingen-am-neckar\/#breadcrumb\",\"itemListElement\":[{\"@type\":\"ListItem\",\"position\":1,\"name\":\"Startseite\",\"item\":\"https:\/\/familytree.dirkme.de\/\"},{\"@type\":\"ListItem\",\"position\":2,\"name\":\"Lokation\",\"item\":\"https:\/\/familytree.dirkme.de\/index.php\/orte-location-dirk-messerschmidt-georgii\/\"},{\"@type\":\"ListItem\",\"position\":3,\"name\":\"Esslingen am Neckar\"}]},{\"@type\":\"WebSite\",\"@id\":\"https:\/\/familytree.dirkme.de\/#website\",\"url\":\"https:\/\/familytree.dirkme.de\/\",\"name\":\"Stammbaum Ahnenforschung Messerschmidt Georgii\",\"description\":\"Family Tree History Messerschmidt Georgii Georgenau Kepler Bardili K\u00f6bberling Fl\u00fcgge Moser Zeller Alber Genealogie Vorfahren Ahnen\",\"publisher\":{\"@id\":\"https:\/\/familytree.dirkme.de\/#organization\"},\"potentialAction\":[{\"@type\":\"SearchAction\",\"target\":{\"@type\":\"EntryPoint\",\"urlTemplate\":\"https:\/\/familytree.dirkme.de\/?s={search_term_string}\"},\"query-input\":{\"@type\":\"PropertyValueSpecification\",\"valueRequired\":true,\"valueName\":\"search_term_string\"}}],\"inLanguage\":\"de\"},{\"@type\":\"Organization\",\"@id\":\"https:\/\/familytree.dirkme.de\/#organization\",\"name\":\"Family Tree Messerschmidt Georgii Kepler Bardili K\u00f6bberling Fl\u00fcgge\",\"url\":\"https:\/\/familytree.dirkme.de\/\",\"logo\":{\"@type\":\"ImageObject\",\"inLanguage\":\"de\",\"@id\":\"https:\/\/familytree.dirkme.de\/#\/schema\/logo\/image\/\",\"url\":\"https:\/\/familytree.dirkme.de\/wp-content\/uploads\/2019\/09\/favicon2.bmp\",\"contentUrl\":\"https:\/\/familytree.dirkme.de\/wp-content\/uploads\/2019\/09\/favicon2.bmp\",\"width\":48,\"height\":48,\"caption\":\"Family Tree Messerschmidt Georgii Kepler Bardili K\u00f6bberling Fl\u00fcgge\"},\"image\":{\"@id\":\"https:\/\/familytree.dirkme.de\/#\/schema\/logo\/image\/\"}}]}<\/script>\n<!-- \/ Yoast SEO plugin. -->","yoast_head_json":{"title":"Esslingen am Neckar - Stammbaum Ahnenforschung Messerschmidt Georgii","description":"Esslingen am Neckar, war bis 1964 amtlich E\u00dflingen am Neckar, etwa zehn Kilometer s\u00fcd\u00f6stlich der Stadtmitte von Stuttgart und die gr\u00f6\u00dfte Mittelstadt Baden-W\u00fcrttembergs.Esslingen ist eine der Herkunftsorte der Familie Kepler, Georgi, Bardili, K\u00f6bberling, Messerschmidt, Bogner, Haas, Heckler, Reinhardt, Fl\u00fcgge, Wagner, Georgenau, Kirchhoff, Keppler, Sick, Herwegh, H\u00f6lder, Pregetzer, Fajnor, Braungardt, William, Wiedmann, Weizenh\u00f6fer, u.v.m.","robots":{"index":"index","follow":"follow","max-snippet":"max-snippet:-1","max-image-preview":"max-image-preview:large","max-video-preview":"max-video-preview:-1"},"canonical":"https:\/\/familytree.dirkme.de\/index.php\/orte-location-dirk-messerschmidt-georgii\/esslingen-am-neckar\/","og_locale":"de_DE","og_type":"article","og_title":"Esslingen am Neckar - Stammbaum Ahnenforschung Messerschmidt Georgii","og_description":"Esslingen am Neckar, war bis 1964 amtlich E\u00dflingen am Neckar, etwa zehn Kilometer s\u00fcd\u00f6stlich der Stadtmitte von Stuttgart und die gr\u00f6\u00dfte Mittelstadt Baden-W\u00fcrttembergs.Esslingen ist eine der Herkunftsorte der Familie Kepler, Georgi, Bardili, K\u00f6bberling, Messerschmidt, Bogner, Haas, Heckler, Reinhardt, Fl\u00fcgge, Wagner, Georgenau, Kirchhoff, Keppler, Sick, Herwegh, H\u00f6lder, Pregetzer, Fajnor, Braungardt, William, Wiedmann, Weizenh\u00f6fer, u.v.m.","og_url":"https:\/\/familytree.dirkme.de\/index.php\/orte-location-dirk-messerschmidt-georgii\/esslingen-am-neckar\/","og_site_name":"Stammbaum Ahnenforschung Messerschmidt Georgii","article_modified_time":"2019-11-23T07:06:07+00:00","og_image":[{"width":1280,"height":949,"url":"https:\/\/familytree.dirkme.de\/wp-content\/uploads\/2019\/10\/esslingen-3094940_1920.jpg","type":"image\/jpeg"}],"twitter_card":"summary_large_image","twitter_misc":{"Gesch\u00e4tzte Lesezeit":"1\u00a0Minute"},"schema":{"@context":"https:\/\/schema.org","@graph":[{"@type":"WebPage","@id":"https:\/\/familytree.dirkme.de\/index.php\/orte-location-dirk-messerschmidt-georgii\/esslingen-am-neckar\/","url":"https:\/\/familytree.dirkme.de\/index.php\/orte-location-dirk-messerschmidt-georgii\/esslingen-am-neckar\/","name":"Esslingen am Neckar - Stammbaum Ahnenforschung Messerschmidt Georgii","isPartOf":{"@id":"https:\/\/familytree.dirkme.de\/#website"},"primaryImageOfPage":{"@id":"https:\/\/familytree.dirkme.de\/index.php\/orte-location-dirk-messerschmidt-georgii\/esslingen-am-neckar\/#primaryimage"},"image":{"@id":"https:\/\/familytree.dirkme.de\/index.php\/orte-location-dirk-messerschmidt-georgii\/esslingen-am-neckar\/#primaryimage"},"thumbnailUrl":"https:\/\/familytree.dirkme.de\/wp-content\/uploads\/2019\/10\/esslingen-3094940_1920.jpg","datePublished":"2019-10-24T21:03:16+00:00","dateModified":"2019-11-23T07:06:07+00:00","description":"Esslingen am Neckar, war bis 1964 amtlich E\u00dflingen am Neckar, etwa zehn Kilometer s\u00fcd\u00f6stlich der Stadtmitte von Stuttgart und die gr\u00f6\u00dfte Mittelstadt Baden-W\u00fcrttembergs.Esslingen ist eine der Herkunftsorte der Familie Kepler, Georgi, Bardili, K\u00f6bberling, Messerschmidt, Bogner, Haas, Heckler, Reinhardt, Fl\u00fcgge, Wagner, Georgenau, Kirchhoff, Keppler, Sick, Herwegh, H\u00f6lder, Pregetzer, Fajnor, Braungardt, William, Wiedmann, Weizenh\u00f6fer, u.v.m.","breadcrumb":{"@id":"https:\/\/familytree.dirkme.de\/index.php\/orte-location-dirk-messerschmidt-georgii\/esslingen-am-neckar\/#breadcrumb"},"inLanguage":"de","potentialAction":[{"@type":"ReadAction","target":["https:\/\/familytree.dirkme.de\/index.php\/orte-location-dirk-messerschmidt-georgii\/esslingen-am-neckar\/"]}]},{"@type":"ImageObject","inLanguage":"de","@id":"https:\/\/familytree.dirkme.de\/index.php\/orte-location-dirk-messerschmidt-georgii\/esslingen-am-neckar\/#primaryimage","url":"https:\/\/familytree.dirkme.de\/wp-content\/uploads\/2019\/10\/esslingen-3094940_1920.jpg","contentUrl":"https:\/\/familytree.dirkme.de\/wp-content\/uploads\/2019\/10\/esslingen-3094940_1920.jpg","width":1280,"height":949},{"@type":"BreadcrumbList","@id":"https:\/\/familytree.dirkme.de\/index.php\/orte-location-dirk-messerschmidt-georgii\/esslingen-am-neckar\/#breadcrumb","itemListElement":[{"@type":"ListItem","position":1,"name":"Startseite","item":"https:\/\/familytree.dirkme.de\/"},{"@type":"ListItem","position":2,"name":"Lokation","item":"https:\/\/familytree.dirkme.de\/index.php\/orte-location-dirk-messerschmidt-georgii\/"},{"@type":"ListItem","position":3,"name":"Esslingen am Neckar"}]},{"@type":"WebSite","@id":"https:\/\/familytree.dirkme.de\/#website","url":"https:\/\/familytree.dirkme.de\/","name":"Stammbaum Ahnenforschung Messerschmidt Georgii","description":"Family Tree History Messerschmidt Georgii Georgenau Kepler Bardili K\u00f6bberling Fl\u00fcgge Moser Zeller Alber Genealogie Vorfahren Ahnen","publisher":{"@id":"https:\/\/familytree.dirkme.de\/#organization"},"potentialAction":[{"@type":"SearchAction","target":{"@type":"EntryPoint","urlTemplate":"https:\/\/familytree.dirkme.de\/?s={search_term_string}"},"query-input":{"@type":"PropertyValueSpecification","valueRequired":true,"valueName":"search_term_string"}}],"inLanguage":"de"},{"@type":"Organization","@id":"https:\/\/familytree.dirkme.de\/#organization","name":"Family Tree Messerschmidt Georgii Kepler Bardili K\u00f6bberling Fl\u00fcgge","url":"https:\/\/familytree.dirkme.de\/","logo":{"@type":"ImageObject","inLanguage":"de","@id":"https:\/\/familytree.dirkme.de\/#\/schema\/logo\/image\/","url":"https:\/\/familytree.dirkme.de\/wp-content\/uploads\/2019\/09\/favicon2.bmp","contentUrl":"https:\/\/familytree.dirkme.de\/wp-content\/uploads\/2019\/09\/favicon2.bmp","width":48,"height":48,"caption":"Family Tree Messerschmidt Georgii Kepler Bardili K\u00f6bberling Fl\u00fcgge"},"image":{"@id":"https:\/\/familytree.dirkme.de\/#\/schema\/logo\/image\/"}}]}},"_links":{"self":[{"href":"https:\/\/familytree.dirkme.de\/index.php\/wp-json\/wp\/v2\/pages\/10788","targetHints":{"allow":["GET"]}}],"collection":[{"href":"https:\/\/familytree.dirkme.de\/index.php\/wp-json\/wp\/v2\/pages"}],"about":[{"href":"https:\/\/familytree.dirkme.de\/index.php\/wp-json\/wp\/v2\/types\/page"}],"author":[{"embeddable":true,"href":"https:\/\/familytree.dirkme.de\/index.php\/wp-json\/wp\/v2\/users\/1"}],"replies":[{"embeddable":true,"href":"https:\/\/familytree.dirkme.de\/index.php\/wp-json\/wp\/v2\/comments?post=10788"}],"version-history":[{"count":3,"href":"https:\/\/familytree.dirkme.de\/index.php\/wp-json\/wp\/v2\/pages\/10788\/revisions"}],"predecessor-version":[{"id":11046,"href":"https:\/\/familytree.dirkme.de\/index.php\/wp-json\/wp\/v2\/pages\/10788\/revisions\/11046"}],"up":[{"embeddable":true,"href":"https:\/\/familytree.dirkme.de\/index.php\/wp-json\/wp\/v2\/pages\/10739"}],"wp:featuredmedia":[{"embeddable":true,"href":"https:\/\/familytree.dirkme.de\/index.php\/wp-json\/wp\/v2\/media\/10790"}],"wp:attachment":[{"href":"https:\/\/familytree.dirkme.de\/index.php\/wp-json\/wp\/v2\/media?parent=10788"}],"curies":[{"name":"wp","href":"https:\/\/api.w.org\/{rel}","templated":true}]}}