{"id":10986,"date":"2019-11-22T18:17:18","date_gmt":"2019-11-22T17:17:18","guid":{"rendered":"http:\/\/familytree.dirkme.de\/?page_id=10986"},"modified":"2019-11-22T20:21:03","modified_gmt":"2019-11-22T19:21:03","slug":"leonberg-an-der-glems","status":"publish","type":"page","link":"https:\/\/familytree.dirkme.de\/index.php\/orte-location-dirk-messerschmidt-georgii\/leonberg-an-der-glems\/","title":{"rendered":"Leonberg an der Glems"},"content":{"rendered":"<p>Leonberg ist eine Stadt in der Mitte des Bundeslandes Baden-W\u00fcrttemberg, etwa 13 Kilometer westlich von Stuttgart. Mit etwa 48.000 Einwohnern ist sie nach Sindelfingen und B\u00f6blingen die drittgr\u00f6\u00dfte Stadt des Landkreises B\u00f6blingen und als Mittelzentrum f\u00fcr die umliegenden Gemeinden ausgewiesen. Leonberg ist eine der Herkunftsorte der Familie Kepler, Georgii, Bardili, K\u00f6bberling, Messerschmidt, Bogner, Haas, Heckler, Reinhardt, Fl\u00fcgge, Wagner, Georgenau, Kirchhoff, Keppler, Sick, Herwegh, H\u00f6lder, Pregetzer, Fajnor, Braungardt, William, Wiedmann, Weizenh\u00f6fer, u.v.m.<br \/>\n&nbsp;<br \/>\n<a href=\"https:\/\/familytree.dirkme.de\/index.php\/tag\/strassburg-elsass\/\">Strassburg im Elsass<\/a><br \/>\n<a href=\"http:\/\/ahnenforschung.dirkme.de\">Ahnenforschung Genealogy Vorfahren Messerschmidt und Co<\/a><br \/>\n<a href=\"http:\/\/stammbaum.dirkme.de\">Stammbaum Genealogie Ahnen Messerschmidt und Co<\/a><br \/>\n<a href=\"http:\/\/genealogy.dirkme.de\">Genealogy Heritage Ancestors Insertion Ancestry family Messerschmidt and related<\/a><br \/>\n<a href=\"http:\/\/georgii.dirkme.de\">Familie von Georgii Georgenau<\/a><br \/>\n<a href=\"http:\/\/messerschmidt.dirkme.de\">Familie Messerschmidt Wiedmann Weizenh\u00f6fer<\/a><br \/>\n<a href=\"http:\/\/koebberling.dirkme.de\">Familie Carl Jacob Johannes K\u00f6bberling Koebberling<\/a><br \/>\n<a href=\"http:\/\/fluegge.dirkme.de\">Familie Theodor Hans Carl August Fl\u00fcgge<\/a><br \/>\n<a href=\"http:\/\/kepler.dirkme.de\">Familie Johannes Kepler<\/a><br \/>\n<a href=\"http:\/\/bardili.dirkme.de\">Familie Burkhard Bardili<\/a><br \/>\n<a href=\"http:\/\/zeller.dirkme.de\">Familie Professor Johannes Zeller<\/a><\/p>\n","protected":false},"excerpt":{"rendered":"<p>Leonberg ist eine Stadt in der Mitte des Bundeslandes Baden-W\u00fcrttemberg, etwa 13 Kilometer westlich von Stuttgart. Mit etwa 48.000 Einwohnern<\/p>\n","protected":false},"author":1,"featured_media":10992,"parent":10739,"menu_order":0,"comment_status":"closed","ping_status":"closed","template":"","meta":{"footnotes":""},"class_list":["post-10986","page","type-page","status-publish","has-post-thumbnail","hentry","comments-off"],"yoast_head":"<!-- This site is optimized with the Yoast SEO plugin v26.4 - https:\/\/yoast.com\/wordpress\/plugins\/seo\/ -->\n<title>Leonberg an der Glems - Stammbaum Ahnenforschung Messerschmidt Georgii<\/title>\n<meta name=\"description\" content=\"Leonberg ist eine Stadt in der Mitte des Bundeslandes Baden-W\u00fcrttemberg, etwa 13 Kilometer westlich von Stuttgart. Mit etwa 48.000 Einwohnern ist sie nach Sindelfingen und B\u00f6blingen die drittgr\u00f6\u00dfte Stadt des Landkreises B\u00f6blingen und als Mittelzentrum f\u00fcr die umliegenden Gemeinden ausgewiesen. Leonberg ist eine der Herkunftsorte der Familie Kepler, Georgii\" \/>\n<meta name=\"robots\" content=\"index, follow, max-snippet:-1, max-image-preview:large, max-video-preview:-1\" \/>\n<link rel=\"canonical\" href=\"https:\/\/familytree.dirkme.de\/index.php\/orte-location-dirk-messerschmidt-georgii\/leonberg-an-der-glems\/\" \/>\n<meta property=\"og:locale\" content=\"de_DE\" \/>\n<meta property=\"og:type\" content=\"article\" \/>\n<meta property=\"og:title\" content=\"Leonberg an der Glems - Stammbaum Ahnenforschung Messerschmidt Georgii\" \/>\n<meta property=\"og:description\" content=\"Leonberg ist eine Stadt in der Mitte des Bundeslandes Baden-W\u00fcrttemberg, etwa 13 Kilometer westlich von Stuttgart. Mit etwa 48.000 Einwohnern ist sie nach Sindelfingen und B\u00f6blingen die drittgr\u00f6\u00dfte Stadt des Landkreises B\u00f6blingen und als Mittelzentrum f\u00fcr die umliegenden Gemeinden ausgewiesen. Leonberg ist eine der Herkunftsorte der Familie Kepler, Georgii\" \/>\n<meta property=\"og:url\" content=\"https:\/\/familytree.dirkme.de\/index.php\/orte-location-dirk-messerschmidt-georgii\/leonberg-an-der-glems\/\" \/>\n<meta property=\"og:site_name\" content=\"Stammbaum Ahnenforschung Messerschmidt Georgii\" \/>\n<meta property=\"article:modified_time\" content=\"2019-11-22T19:21:03+00:00\" \/>\n<meta property=\"og:image\" content=\"https:\/\/familytree.dirkme.de\/wp-content\/uploads\/2019\/11\/leonberg-2077083_1920.jpg\" \/>\n\t<meta property=\"og:image:width\" content=\"1280\" \/>\n\t<meta property=\"og:image:height\" content=\"853\" \/>\n\t<meta property=\"og:image:type\" content=\"image\/jpeg\" \/>\n<meta name=\"twitter:card\" content=\"summary_large_image\" \/>\n<meta name=\"twitter:label1\" content=\"Gesch\u00e4tzte Lesezeit\" \/>\n\t<meta name=\"twitter:data1\" content=\"1\u00a0Minute\" \/>\n<script type=\"application\/ld+json\" class=\"yoast-schema-graph\">{\"@context\":\"https:\/\/schema.org\",\"@graph\":[{\"@type\":\"WebPage\",\"@id\":\"https:\/\/familytree.dirkme.de\/index.php\/orte-location-dirk-messerschmidt-georgii\/leonberg-an-der-glems\/\",\"url\":\"https:\/\/familytree.dirkme.de\/index.php\/orte-location-dirk-messerschmidt-georgii\/leonberg-an-der-glems\/\",\"name\":\"Leonberg an der Glems - Stammbaum Ahnenforschung Messerschmidt Georgii\",\"isPartOf\":{\"@id\":\"https:\/\/familytree.dirkme.de\/#website\"},\"primaryImageOfPage\":{\"@id\":\"https:\/\/familytree.dirkme.de\/index.php\/orte-location-dirk-messerschmidt-georgii\/leonberg-an-der-glems\/#primaryimage\"},\"image\":{\"@id\":\"https:\/\/familytree.dirkme.de\/index.php\/orte-location-dirk-messerschmidt-georgii\/leonberg-an-der-glems\/#primaryimage\"},\"thumbnailUrl\":\"https:\/\/familytree.dirkme.de\/wp-content\/uploads\/2019\/11\/leonberg-2077083_1920.jpg\",\"datePublished\":\"2019-11-22T17:17:18+00:00\",\"dateModified\":\"2019-11-22T19:21:03+00:00\",\"description\":\"Leonberg ist eine Stadt in der Mitte des Bundeslandes Baden-W\u00fcrttemberg, etwa 13 Kilometer westlich von Stuttgart. Mit etwa 48.000 Einwohnern ist sie nach Sindelfingen und B\u00f6blingen die drittgr\u00f6\u00dfte Stadt des Landkreises B\u00f6blingen und als Mittelzentrum f\u00fcr die umliegenden Gemeinden ausgewiesen. Leonberg ist eine der Herkunftsorte der Familie Kepler, Georgii\",\"breadcrumb\":{\"@id\":\"https:\/\/familytree.dirkme.de\/index.php\/orte-location-dirk-messerschmidt-georgii\/leonberg-an-der-glems\/#breadcrumb\"},\"inLanguage\":\"de\",\"potentialAction\":[{\"@type\":\"ReadAction\",\"target\":[\"https:\/\/familytree.dirkme.de\/index.php\/orte-location-dirk-messerschmidt-georgii\/leonberg-an-der-glems\/\"]}]},{\"@type\":\"ImageObject\",\"inLanguage\":\"de\",\"@id\":\"https:\/\/familytree.dirkme.de\/index.php\/orte-location-dirk-messerschmidt-georgii\/leonberg-an-der-glems\/#primaryimage\",\"url\":\"https:\/\/familytree.dirkme.de\/wp-content\/uploads\/2019\/11\/leonberg-2077083_1920.jpg\",\"contentUrl\":\"https:\/\/familytree.dirkme.de\/wp-content\/uploads\/2019\/11\/leonberg-2077083_1920.jpg\",\"width\":1280,\"height\":853},{\"@type\":\"BreadcrumbList\",\"@id\":\"https:\/\/familytree.dirkme.de\/index.php\/orte-location-dirk-messerschmidt-georgii\/leonberg-an-der-glems\/#breadcrumb\",\"itemListElement\":[{\"@type\":\"ListItem\",\"position\":1,\"name\":\"Startseite\",\"item\":\"https:\/\/familytree.dirkme.de\/\"},{\"@type\":\"ListItem\",\"position\":2,\"name\":\"Lokation\",\"item\":\"https:\/\/familytree.dirkme.de\/index.php\/orte-location-dirk-messerschmidt-georgii\/\"},{\"@type\":\"ListItem\",\"position\":3,\"name\":\"Leonberg an der Glems\"}]},{\"@type\":\"WebSite\",\"@id\":\"https:\/\/familytree.dirkme.de\/#website\",\"url\":\"https:\/\/familytree.dirkme.de\/\",\"name\":\"Stammbaum Ahnenforschung Messerschmidt Georgii\",\"description\":\"Family Tree History Messerschmidt Georgii Georgenau Kepler Bardili K\u00f6bberling Fl\u00fcgge Moser Zeller Alber Genealogie Vorfahren Ahnen\",\"publisher\":{\"@id\":\"https:\/\/familytree.dirkme.de\/#organization\"},\"potentialAction\":[{\"@type\":\"SearchAction\",\"target\":{\"@type\":\"EntryPoint\",\"urlTemplate\":\"https:\/\/familytree.dirkme.de\/?s={search_term_string}\"},\"query-input\":{\"@type\":\"PropertyValueSpecification\",\"valueRequired\":true,\"valueName\":\"search_term_string\"}}],\"inLanguage\":\"de\"},{\"@type\":\"Organization\",\"@id\":\"https:\/\/familytree.dirkme.de\/#organization\",\"name\":\"Family Tree Messerschmidt Georgii Kepler Bardili K\u00f6bberling Fl\u00fcgge\",\"url\":\"https:\/\/familytree.dirkme.de\/\",\"logo\":{\"@type\":\"ImageObject\",\"inLanguage\":\"de\",\"@id\":\"https:\/\/familytree.dirkme.de\/#\/schema\/logo\/image\/\",\"url\":\"https:\/\/familytree.dirkme.de\/wp-content\/uploads\/2019\/09\/favicon2.bmp\",\"contentUrl\":\"https:\/\/familytree.dirkme.de\/wp-content\/uploads\/2019\/09\/favicon2.bmp\",\"width\":48,\"height\":48,\"caption\":\"Family Tree Messerschmidt Georgii Kepler Bardili K\u00f6bberling Fl\u00fcgge\"},\"image\":{\"@id\":\"https:\/\/familytree.dirkme.de\/#\/schema\/logo\/image\/\"}}]}<\/script>\n<!-- \/ Yoast SEO plugin. -->","yoast_head_json":{"title":"Leonberg an der Glems - Stammbaum Ahnenforschung Messerschmidt Georgii","description":"Leonberg ist eine Stadt in der Mitte des Bundeslandes Baden-W\u00fcrttemberg, etwa 13 Kilometer westlich von Stuttgart. Mit etwa 48.000 Einwohnern ist sie nach Sindelfingen und B\u00f6blingen die drittgr\u00f6\u00dfte Stadt des Landkreises B\u00f6blingen und als Mittelzentrum f\u00fcr die umliegenden Gemeinden ausgewiesen. Leonberg ist eine der Herkunftsorte der Familie Kepler, Georgii","robots":{"index":"index","follow":"follow","max-snippet":"max-snippet:-1","max-image-preview":"max-image-preview:large","max-video-preview":"max-video-preview:-1"},"canonical":"https:\/\/familytree.dirkme.de\/index.php\/orte-location-dirk-messerschmidt-georgii\/leonberg-an-der-glems\/","og_locale":"de_DE","og_type":"article","og_title":"Leonberg an der Glems - Stammbaum Ahnenforschung Messerschmidt Georgii","og_description":"Leonberg ist eine Stadt in der Mitte des Bundeslandes Baden-W\u00fcrttemberg, etwa 13 Kilometer westlich von Stuttgart. Mit etwa 48.000 Einwohnern ist sie nach Sindelfingen und B\u00f6blingen die drittgr\u00f6\u00dfte Stadt des Landkreises B\u00f6blingen und als Mittelzentrum f\u00fcr die umliegenden Gemeinden ausgewiesen. Leonberg ist eine der Herkunftsorte der Familie Kepler, Georgii","og_url":"https:\/\/familytree.dirkme.de\/index.php\/orte-location-dirk-messerschmidt-georgii\/leonberg-an-der-glems\/","og_site_name":"Stammbaum Ahnenforschung Messerschmidt Georgii","article_modified_time":"2019-11-22T19:21:03+00:00","og_image":[{"width":1280,"height":853,"url":"https:\/\/familytree.dirkme.de\/wp-content\/uploads\/2019\/11\/leonberg-2077083_1920.jpg","type":"image\/jpeg"}],"twitter_card":"summary_large_image","twitter_misc":{"Gesch\u00e4tzte Lesezeit":"1\u00a0Minute"},"schema":{"@context":"https:\/\/schema.org","@graph":[{"@type":"WebPage","@id":"https:\/\/familytree.dirkme.de\/index.php\/orte-location-dirk-messerschmidt-georgii\/leonberg-an-der-glems\/","url":"https:\/\/familytree.dirkme.de\/index.php\/orte-location-dirk-messerschmidt-georgii\/leonberg-an-der-glems\/","name":"Leonberg an der Glems - Stammbaum Ahnenforschung Messerschmidt Georgii","isPartOf":{"@id":"https:\/\/familytree.dirkme.de\/#website"},"primaryImageOfPage":{"@id":"https:\/\/familytree.dirkme.de\/index.php\/orte-location-dirk-messerschmidt-georgii\/leonberg-an-der-glems\/#primaryimage"},"image":{"@id":"https:\/\/familytree.dirkme.de\/index.php\/orte-location-dirk-messerschmidt-georgii\/leonberg-an-der-glems\/#primaryimage"},"thumbnailUrl":"https:\/\/familytree.dirkme.de\/wp-content\/uploads\/2019\/11\/leonberg-2077083_1920.jpg","datePublished":"2019-11-22T17:17:18+00:00","dateModified":"2019-11-22T19:21:03+00:00","description":"Leonberg ist eine Stadt in der Mitte des Bundeslandes Baden-W\u00fcrttemberg, etwa 13 Kilometer westlich von Stuttgart. Mit etwa 48.000 Einwohnern ist sie nach Sindelfingen und B\u00f6blingen die drittgr\u00f6\u00dfte Stadt des Landkreises B\u00f6blingen und als Mittelzentrum f\u00fcr die umliegenden Gemeinden ausgewiesen. Leonberg ist eine der Herkunftsorte der Familie Kepler, Georgii","breadcrumb":{"@id":"https:\/\/familytree.dirkme.de\/index.php\/orte-location-dirk-messerschmidt-georgii\/leonberg-an-der-glems\/#breadcrumb"},"inLanguage":"de","potentialAction":[{"@type":"ReadAction","target":["https:\/\/familytree.dirkme.de\/index.php\/orte-location-dirk-messerschmidt-georgii\/leonberg-an-der-glems\/"]}]},{"@type":"ImageObject","inLanguage":"de","@id":"https:\/\/familytree.dirkme.de\/index.php\/orte-location-dirk-messerschmidt-georgii\/leonberg-an-der-glems\/#primaryimage","url":"https:\/\/familytree.dirkme.de\/wp-content\/uploads\/2019\/11\/leonberg-2077083_1920.jpg","contentUrl":"https:\/\/familytree.dirkme.de\/wp-content\/uploads\/2019\/11\/leonberg-2077083_1920.jpg","width":1280,"height":853},{"@type":"BreadcrumbList","@id":"https:\/\/familytree.dirkme.de\/index.php\/orte-location-dirk-messerschmidt-georgii\/leonberg-an-der-glems\/#breadcrumb","itemListElement":[{"@type":"ListItem","position":1,"name":"Startseite","item":"https:\/\/familytree.dirkme.de\/"},{"@type":"ListItem","position":2,"name":"Lokation","item":"https:\/\/familytree.dirkme.de\/index.php\/orte-location-dirk-messerschmidt-georgii\/"},{"@type":"ListItem","position":3,"name":"Leonberg an der Glems"}]},{"@type":"WebSite","@id":"https:\/\/familytree.dirkme.de\/#website","url":"https:\/\/familytree.dirkme.de\/","name":"Stammbaum Ahnenforschung Messerschmidt Georgii","description":"Family Tree History Messerschmidt Georgii Georgenau Kepler Bardili K\u00f6bberling Fl\u00fcgge Moser Zeller Alber Genealogie Vorfahren Ahnen","publisher":{"@id":"https:\/\/familytree.dirkme.de\/#organization"},"potentialAction":[{"@type":"SearchAction","target":{"@type":"EntryPoint","urlTemplate":"https:\/\/familytree.dirkme.de\/?s={search_term_string}"},"query-input":{"@type":"PropertyValueSpecification","valueRequired":true,"valueName":"search_term_string"}}],"inLanguage":"de"},{"@type":"Organization","@id":"https:\/\/familytree.dirkme.de\/#organization","name":"Family Tree Messerschmidt Georgii Kepler Bardili K\u00f6bberling Fl\u00fcgge","url":"https:\/\/familytree.dirkme.de\/","logo":{"@type":"ImageObject","inLanguage":"de","@id":"https:\/\/familytree.dirkme.de\/#\/schema\/logo\/image\/","url":"https:\/\/familytree.dirkme.de\/wp-content\/uploads\/2019\/09\/favicon2.bmp","contentUrl":"https:\/\/familytree.dirkme.de\/wp-content\/uploads\/2019\/09\/favicon2.bmp","width":48,"height":48,"caption":"Family Tree Messerschmidt Georgii Kepler Bardili K\u00f6bberling Fl\u00fcgge"},"image":{"@id":"https:\/\/familytree.dirkme.de\/#\/schema\/logo\/image\/"}}]}},"_links":{"self":[{"href":"https:\/\/familytree.dirkme.de\/index.php\/wp-json\/wp\/v2\/pages\/10986","targetHints":{"allow":["GET"]}}],"collection":[{"href":"https:\/\/familytree.dirkme.de\/index.php\/wp-json\/wp\/v2\/pages"}],"about":[{"href":"https:\/\/familytree.dirkme.de\/index.php\/wp-json\/wp\/v2\/types\/page"}],"author":[{"embeddable":true,"href":"https:\/\/familytree.dirkme.de\/index.php\/wp-json\/wp\/v2\/users\/1"}],"replies":[{"embeddable":true,"href":"https:\/\/familytree.dirkme.de\/index.php\/wp-json\/wp\/v2\/comments?post=10986"}],"version-history":[{"count":2,"href":"https:\/\/familytree.dirkme.de\/index.php\/wp-json\/wp\/v2\/pages\/10986\/revisions"}],"predecessor-version":[{"id":11036,"href":"https:\/\/familytree.dirkme.de\/index.php\/wp-json\/wp\/v2\/pages\/10986\/revisions\/11036"}],"up":[{"embeddable":true,"href":"https:\/\/familytree.dirkme.de\/index.php\/wp-json\/wp\/v2\/pages\/10739"}],"wp:featuredmedia":[{"embeddable":true,"href":"https:\/\/familytree.dirkme.de\/index.php\/wp-json\/wp\/v2\/media\/10992"}],"wp:attachment":[{"href":"https:\/\/familytree.dirkme.de\/index.php\/wp-json\/wp\/v2\/media?parent=10986"}],"curies":[{"name":"wp","href":"https:\/\/api.w.org\/{rel}","templated":true}]}}