{"id":11008,"date":"2019-11-22T19:40:09","date_gmt":"2019-11-22T18:40:09","guid":{"rendered":"http:\/\/familytree.dirkme.de\/?page_id=11008"},"modified":"2019-11-29T22:34:04","modified_gmt":"2019-11-29T21:34:04","slug":"ravensburg-an-der-schussen","status":"publish","type":"page","link":"https:\/\/familytree.dirkme.de\/index.php\/orte-location-dirk-messerschmidt-georgii\/ravensburg-an-der-schussen\/","title":{"rendered":"Ravensburg an der Schussen"},"content":{"rendered":"<p>Ravensburg ist eine Mittelstadt sowie Kreisstadt und gr\u00f6\u00dfte Stadt des gleichnamigen Landkreises im s\u00fcdlichen Oberschwaben. Ravensburg ist eine der Herkunftsorte der Familie Kepler, Georgii, Bardili, K\u00f6bberling, Messerschmidt, Bogner, Haas, Heckler, Reinhardt, Fl\u00fcgge, Wagner, Georgenau, Kirchhoff, Keppler, Sick, Herwegh, H\u00f6lder, Pregetzer, Fajnor, Braungardt, William, Wiedmann, Weizenh\u00f6fer, u.v.m.<br \/>\n&nbsp;<br \/>\n<a href=\"http:\/\/ahnen.dirkme.de\">Ahnen der Familie Cyriakus Georgii und Dirk Messerschmidt<\/a><br \/>\n<a href=\"https:\/\/familytree.dirkme.de\/index.php\/orte-location-dirk-messerschmidt-georgii\/\">Strassburg, Stuttgart, T\u00fcbingen, Ulm, Orte der Familie<\/a><br \/>\n<a href=\"http:\/\/ahnenforschung.dirkme.de\">Ahnenforschung Genealogy Vorfahren Messerschmidt und Co<\/a><br \/>\n<a href=\"http:\/\/stammbaum.dirkme.de\">Genealogie Ahnen Forschung Herkunft Messerschmidt<\/a><br \/>\n<a href=\"http:\/\/georgii.dirkme.de\">Eberhard August Emil Georgii Georgenau<\/a><br \/>\n<a href=\"http:\/\/genealogy.dirkme.de\">Genealogy Heritage Ancestors Insertion Ancestry family Messerschmidt<\/a><br \/>\n<a href=\"http:\/\/messerschmidt.dirkme.de\">Dirk Messerschmidt Wiedmann Weizenh\u00f6fer<\/a><br \/>\n<a href=\"http:\/\/koebberling.dirkme.de\">Carl Jacob Johannes K\u00f6bberling Koebberling<\/a><br \/>\n<a href=\"http:\/\/fluegge.dirkme.de\">Theodor Hans Carl August CA Fl\u00fcgge<\/a><br \/>\n<a href=\"http:\/\/kepler.dirkme.de\">Naturphilosoph, Mathematiker, evangelischer Theologe Johannes Kepler<\/a><br \/>\n<a href=\"http:\/\/bardili.dirkme.de\">Jurist und Professor Burkhard Bardili<\/a><br \/>\n<a href=\"http:\/\/zeller.dirkme.de\">Mediziner Johann Gottfried Zeller<\/a><br \/>\n<a href=\"http:\/\/muenchen.dirkme.de\">M\u00fcnchen an der Isar als Abstammung und Herkunft<\/a><\/p>\n","protected":false},"excerpt":{"rendered":"<p>Ravensburg ist eine Mittelstadt sowie Kreisstadt und gr\u00f6\u00dfte Stadt des gleichnamigen Landkreises im s\u00fcdlichen Oberschwaben. Ravensburg ist eine der Herkunftsorte<\/p>\n","protected":false},"author":1,"featured_media":10987,"parent":10739,"menu_order":0,"comment_status":"closed","ping_status":"closed","template":"","meta":{"footnotes":""},"class_list":["post-11008","page","type-page","status-publish","has-post-thumbnail","hentry","comments-off"],"yoast_head":"<!-- This site is optimized with the Yoast SEO plugin v26.4 - https:\/\/yoast.com\/wordpress\/plugins\/seo\/ -->\n<title>Ravensburg an der Schussen - Stammbaum Ahnenforschung Messerschmidt Georgii<\/title>\n<meta name=\"description\" content=\"Ravensburg ist eine Mittelstadt sowie Kreisstadt und gr\u00f6\u00dfte Stadt des gleichnamigen Landkreises im s\u00fcdlichen Oberschwaben. Ravensburg ist eine der Herkunftsorte der Familie Kepler\" \/>\n<meta name=\"robots\" content=\"index, follow, max-snippet:-1, max-image-preview:large, max-video-preview:-1\" \/>\n<link rel=\"canonical\" href=\"https:\/\/familytree.dirkme.de\/index.php\/orte-location-dirk-messerschmidt-georgii\/ravensburg-an-der-schussen\/\" \/>\n<meta property=\"og:locale\" content=\"de_DE\" \/>\n<meta property=\"og:type\" content=\"article\" \/>\n<meta property=\"og:title\" content=\"Ravensburg an der Schussen - Stammbaum Ahnenforschung Messerschmidt Georgii\" \/>\n<meta property=\"og:description\" content=\"Ravensburg ist eine Mittelstadt sowie Kreisstadt und gr\u00f6\u00dfte Stadt des gleichnamigen Landkreises im s\u00fcdlichen Oberschwaben. Ravensburg ist eine der Herkunftsorte der Familie Kepler\" \/>\n<meta property=\"og:url\" content=\"https:\/\/familytree.dirkme.de\/index.php\/orte-location-dirk-messerschmidt-georgii\/ravensburg-an-der-schussen\/\" \/>\n<meta property=\"og:site_name\" content=\"Stammbaum Ahnenforschung Messerschmidt Georgii\" \/>\n<meta property=\"article:modified_time\" content=\"2019-11-29T21:34:04+00:00\" \/>\n<meta property=\"og:image\" content=\"https:\/\/familytree.dirkme.de\/wp-content\/uploads\/2019\/11\/ravensburg-2662018_1920.jpg\" \/>\n\t<meta property=\"og:image:width\" content=\"1280\" \/>\n\t<meta property=\"og:image:height\" content=\"852\" \/>\n\t<meta property=\"og:image:type\" content=\"image\/jpeg\" \/>\n<meta name=\"twitter:card\" content=\"summary_large_image\" \/>\n<meta name=\"twitter:label1\" content=\"Gesch\u00e4tzte Lesezeit\" \/>\n\t<meta name=\"twitter:data1\" content=\"1\u00a0Minute\" \/>\n<script type=\"application\/ld+json\" class=\"yoast-schema-graph\">{\"@context\":\"https:\/\/schema.org\",\"@graph\":[{\"@type\":\"WebPage\",\"@id\":\"https:\/\/familytree.dirkme.de\/index.php\/orte-location-dirk-messerschmidt-georgii\/ravensburg-an-der-schussen\/\",\"url\":\"https:\/\/familytree.dirkme.de\/index.php\/orte-location-dirk-messerschmidt-georgii\/ravensburg-an-der-schussen\/\",\"name\":\"Ravensburg an der Schussen - Stammbaum Ahnenforschung Messerschmidt Georgii\",\"isPartOf\":{\"@id\":\"https:\/\/familytree.dirkme.de\/#website\"},\"primaryImageOfPage\":{\"@id\":\"https:\/\/familytree.dirkme.de\/index.php\/orte-location-dirk-messerschmidt-georgii\/ravensburg-an-der-schussen\/#primaryimage\"},\"image\":{\"@id\":\"https:\/\/familytree.dirkme.de\/index.php\/orte-location-dirk-messerschmidt-georgii\/ravensburg-an-der-schussen\/#primaryimage\"},\"thumbnailUrl\":\"https:\/\/familytree.dirkme.de\/wp-content\/uploads\/2019\/11\/ravensburg-2662018_1920.jpg\",\"datePublished\":\"2019-11-22T18:40:09+00:00\",\"dateModified\":\"2019-11-29T21:34:04+00:00\",\"description\":\"Ravensburg ist eine Mittelstadt sowie Kreisstadt und gr\u00f6\u00dfte Stadt des gleichnamigen Landkreises im s\u00fcdlichen Oberschwaben. Ravensburg ist eine der Herkunftsorte der Familie Kepler\",\"breadcrumb\":{\"@id\":\"https:\/\/familytree.dirkme.de\/index.php\/orte-location-dirk-messerschmidt-georgii\/ravensburg-an-der-schussen\/#breadcrumb\"},\"inLanguage\":\"de\",\"potentialAction\":[{\"@type\":\"ReadAction\",\"target\":[\"https:\/\/familytree.dirkme.de\/index.php\/orte-location-dirk-messerschmidt-georgii\/ravensburg-an-der-schussen\/\"]}]},{\"@type\":\"ImageObject\",\"inLanguage\":\"de\",\"@id\":\"https:\/\/familytree.dirkme.de\/index.php\/orte-location-dirk-messerschmidt-georgii\/ravensburg-an-der-schussen\/#primaryimage\",\"url\":\"https:\/\/familytree.dirkme.de\/wp-content\/uploads\/2019\/11\/ravensburg-2662018_1920.jpg\",\"contentUrl\":\"https:\/\/familytree.dirkme.de\/wp-content\/uploads\/2019\/11\/ravensburg-2662018_1920.jpg\",\"width\":1280,\"height\":852},{\"@type\":\"BreadcrumbList\",\"@id\":\"https:\/\/familytree.dirkme.de\/index.php\/orte-location-dirk-messerschmidt-georgii\/ravensburg-an-der-schussen\/#breadcrumb\",\"itemListElement\":[{\"@type\":\"ListItem\",\"position\":1,\"name\":\"Startseite\",\"item\":\"https:\/\/familytree.dirkme.de\/\"},{\"@type\":\"ListItem\",\"position\":2,\"name\":\"Lokation\",\"item\":\"https:\/\/familytree.dirkme.de\/index.php\/orte-location-dirk-messerschmidt-georgii\/\"},{\"@type\":\"ListItem\",\"position\":3,\"name\":\"Ravensburg an der Schussen\"}]},{\"@type\":\"WebSite\",\"@id\":\"https:\/\/familytree.dirkme.de\/#website\",\"url\":\"https:\/\/familytree.dirkme.de\/\",\"name\":\"Stammbaum Ahnenforschung Messerschmidt Georgii\",\"description\":\"Family Tree History Messerschmidt Georgii Georgenau Kepler Bardili K\u00f6bberling Fl\u00fcgge Moser Zeller Alber Genealogie Vorfahren Ahnen\",\"publisher\":{\"@id\":\"https:\/\/familytree.dirkme.de\/#organization\"},\"potentialAction\":[{\"@type\":\"SearchAction\",\"target\":{\"@type\":\"EntryPoint\",\"urlTemplate\":\"https:\/\/familytree.dirkme.de\/?s={search_term_string}\"},\"query-input\":{\"@type\":\"PropertyValueSpecification\",\"valueRequired\":true,\"valueName\":\"search_term_string\"}}],\"inLanguage\":\"de\"},{\"@type\":\"Organization\",\"@id\":\"https:\/\/familytree.dirkme.de\/#organization\",\"name\":\"Family Tree Messerschmidt Georgii Kepler Bardili K\u00f6bberling Fl\u00fcgge\",\"url\":\"https:\/\/familytree.dirkme.de\/\",\"logo\":{\"@type\":\"ImageObject\",\"inLanguage\":\"de\",\"@id\":\"https:\/\/familytree.dirkme.de\/#\/schema\/logo\/image\/\",\"url\":\"https:\/\/familytree.dirkme.de\/wp-content\/uploads\/2019\/09\/favicon2.bmp\",\"contentUrl\":\"https:\/\/familytree.dirkme.de\/wp-content\/uploads\/2019\/09\/favicon2.bmp\",\"width\":48,\"height\":48,\"caption\":\"Family Tree Messerschmidt Georgii Kepler Bardili K\u00f6bberling Fl\u00fcgge\"},\"image\":{\"@id\":\"https:\/\/familytree.dirkme.de\/#\/schema\/logo\/image\/\"}}]}<\/script>\n<!-- \/ Yoast SEO plugin. -->","yoast_head_json":{"title":"Ravensburg an der Schussen - Stammbaum Ahnenforschung Messerschmidt Georgii","description":"Ravensburg ist eine Mittelstadt sowie Kreisstadt und gr\u00f6\u00dfte Stadt des gleichnamigen Landkreises im s\u00fcdlichen Oberschwaben. Ravensburg ist eine der Herkunftsorte der Familie Kepler","robots":{"index":"index","follow":"follow","max-snippet":"max-snippet:-1","max-image-preview":"max-image-preview:large","max-video-preview":"max-video-preview:-1"},"canonical":"https:\/\/familytree.dirkme.de\/index.php\/orte-location-dirk-messerschmidt-georgii\/ravensburg-an-der-schussen\/","og_locale":"de_DE","og_type":"article","og_title":"Ravensburg an der Schussen - Stammbaum Ahnenforschung Messerschmidt Georgii","og_description":"Ravensburg ist eine Mittelstadt sowie Kreisstadt und gr\u00f6\u00dfte Stadt des gleichnamigen Landkreises im s\u00fcdlichen Oberschwaben. Ravensburg ist eine der Herkunftsorte der Familie Kepler","og_url":"https:\/\/familytree.dirkme.de\/index.php\/orte-location-dirk-messerschmidt-georgii\/ravensburg-an-der-schussen\/","og_site_name":"Stammbaum Ahnenforschung Messerschmidt Georgii","article_modified_time":"2019-11-29T21:34:04+00:00","og_image":[{"width":1280,"height":852,"url":"https:\/\/familytree.dirkme.de\/wp-content\/uploads\/2019\/11\/ravensburg-2662018_1920.jpg","type":"image\/jpeg"}],"twitter_card":"summary_large_image","twitter_misc":{"Gesch\u00e4tzte Lesezeit":"1\u00a0Minute"},"schema":{"@context":"https:\/\/schema.org","@graph":[{"@type":"WebPage","@id":"https:\/\/familytree.dirkme.de\/index.php\/orte-location-dirk-messerschmidt-georgii\/ravensburg-an-der-schussen\/","url":"https:\/\/familytree.dirkme.de\/index.php\/orte-location-dirk-messerschmidt-georgii\/ravensburg-an-der-schussen\/","name":"Ravensburg an der Schussen - Stammbaum Ahnenforschung Messerschmidt Georgii","isPartOf":{"@id":"https:\/\/familytree.dirkme.de\/#website"},"primaryImageOfPage":{"@id":"https:\/\/familytree.dirkme.de\/index.php\/orte-location-dirk-messerschmidt-georgii\/ravensburg-an-der-schussen\/#primaryimage"},"image":{"@id":"https:\/\/familytree.dirkme.de\/index.php\/orte-location-dirk-messerschmidt-georgii\/ravensburg-an-der-schussen\/#primaryimage"},"thumbnailUrl":"https:\/\/familytree.dirkme.de\/wp-content\/uploads\/2019\/11\/ravensburg-2662018_1920.jpg","datePublished":"2019-11-22T18:40:09+00:00","dateModified":"2019-11-29T21:34:04+00:00","description":"Ravensburg ist eine Mittelstadt sowie Kreisstadt und gr\u00f6\u00dfte Stadt des gleichnamigen Landkreises im s\u00fcdlichen Oberschwaben. Ravensburg ist eine der Herkunftsorte der Familie Kepler","breadcrumb":{"@id":"https:\/\/familytree.dirkme.de\/index.php\/orte-location-dirk-messerschmidt-georgii\/ravensburg-an-der-schussen\/#breadcrumb"},"inLanguage":"de","potentialAction":[{"@type":"ReadAction","target":["https:\/\/familytree.dirkme.de\/index.php\/orte-location-dirk-messerschmidt-georgii\/ravensburg-an-der-schussen\/"]}]},{"@type":"ImageObject","inLanguage":"de","@id":"https:\/\/familytree.dirkme.de\/index.php\/orte-location-dirk-messerschmidt-georgii\/ravensburg-an-der-schussen\/#primaryimage","url":"https:\/\/familytree.dirkme.de\/wp-content\/uploads\/2019\/11\/ravensburg-2662018_1920.jpg","contentUrl":"https:\/\/familytree.dirkme.de\/wp-content\/uploads\/2019\/11\/ravensburg-2662018_1920.jpg","width":1280,"height":852},{"@type":"BreadcrumbList","@id":"https:\/\/familytree.dirkme.de\/index.php\/orte-location-dirk-messerschmidt-georgii\/ravensburg-an-der-schussen\/#breadcrumb","itemListElement":[{"@type":"ListItem","position":1,"name":"Startseite","item":"https:\/\/familytree.dirkme.de\/"},{"@type":"ListItem","position":2,"name":"Lokation","item":"https:\/\/familytree.dirkme.de\/index.php\/orte-location-dirk-messerschmidt-georgii\/"},{"@type":"ListItem","position":3,"name":"Ravensburg an der Schussen"}]},{"@type":"WebSite","@id":"https:\/\/familytree.dirkme.de\/#website","url":"https:\/\/familytree.dirkme.de\/","name":"Stammbaum Ahnenforschung Messerschmidt Georgii","description":"Family Tree History Messerschmidt Georgii Georgenau Kepler Bardili K\u00f6bberling Fl\u00fcgge Moser Zeller Alber Genealogie Vorfahren Ahnen","publisher":{"@id":"https:\/\/familytree.dirkme.de\/#organization"},"potentialAction":[{"@type":"SearchAction","target":{"@type":"EntryPoint","urlTemplate":"https:\/\/familytree.dirkme.de\/?s={search_term_string}"},"query-input":{"@type":"PropertyValueSpecification","valueRequired":true,"valueName":"search_term_string"}}],"inLanguage":"de"},{"@type":"Organization","@id":"https:\/\/familytree.dirkme.de\/#organization","name":"Family Tree Messerschmidt Georgii Kepler Bardili K\u00f6bberling Fl\u00fcgge","url":"https:\/\/familytree.dirkme.de\/","logo":{"@type":"ImageObject","inLanguage":"de","@id":"https:\/\/familytree.dirkme.de\/#\/schema\/logo\/image\/","url":"https:\/\/familytree.dirkme.de\/wp-content\/uploads\/2019\/09\/favicon2.bmp","contentUrl":"https:\/\/familytree.dirkme.de\/wp-content\/uploads\/2019\/09\/favicon2.bmp","width":48,"height":48,"caption":"Family Tree Messerschmidt Georgii Kepler Bardili K\u00f6bberling Fl\u00fcgge"},"image":{"@id":"https:\/\/familytree.dirkme.de\/#\/schema\/logo\/image\/"}}]}},"_links":{"self":[{"href":"https:\/\/familytree.dirkme.de\/index.php\/wp-json\/wp\/v2\/pages\/11008","targetHints":{"allow":["GET"]}}],"collection":[{"href":"https:\/\/familytree.dirkme.de\/index.php\/wp-json\/wp\/v2\/pages"}],"about":[{"href":"https:\/\/familytree.dirkme.de\/index.php\/wp-json\/wp\/v2\/types\/page"}],"author":[{"embeddable":true,"href":"https:\/\/familytree.dirkme.de\/index.php\/wp-json\/wp\/v2\/users\/1"}],"replies":[{"embeddable":true,"href":"https:\/\/familytree.dirkme.de\/index.php\/wp-json\/wp\/v2\/comments?post=11008"}],"version-history":[{"count":4,"href":"https:\/\/familytree.dirkme.de\/index.php\/wp-json\/wp\/v2\/pages\/11008\/revisions"}],"predecessor-version":[{"id":11077,"href":"https:\/\/familytree.dirkme.de\/index.php\/wp-json\/wp\/v2\/pages\/11008\/revisions\/11077"}],"up":[{"embeddable":true,"href":"https:\/\/familytree.dirkme.de\/index.php\/wp-json\/wp\/v2\/pages\/10739"}],"wp:featuredmedia":[{"embeddable":true,"href":"https:\/\/familytree.dirkme.de\/index.php\/wp-json\/wp\/v2\/media\/10987"}],"wp:attachment":[{"href":"https:\/\/familytree.dirkme.de\/index.php\/wp-json\/wp\/v2\/media?parent=11008"}],"curies":[{"name":"wp","href":"https:\/\/api.w.org\/{rel}","templated":true}]}}