{"id":5601,"date":"2019-09-20T19:46:41","date_gmt":"2019-09-20T19:46:41","guid":{"rendered":"http:\/\/familytree.dirkme.de\/?page_id=5601"},"modified":"2019-10-29T10:48:04","modified_gmt":"2019-10-29T10:48:04","slug":"eberhard-august-georgii-geogenau","status":"publish","type":"page","link":"https:\/\/familytree.dirkme.de\/index.php\/eberhard-august-georgii-geogenau\/","title":{"rendered":"Georgii"},"content":{"rendered":"<p>Eberhard August Georgii (* 22. Juli 1700; \u2020 11. Juli 1742) war ein deutscher Jurist und Syndikus.<\/p>\n<p>Eberhard August war ein Bruder des w\u00fcrttembergischen Staatsministers Johann Eberhard Georgii. Er studierte in Pont-\u00e0-Mousson und in Stra\u00dfburg Jura und wurde im Alter von 23 Jahren Kanzlei-Direktor der freien Reichsstadt Ravensburg. 1735 wurde er dort Syndikus und danach Konsulent des Ritterkantons Neckar-Schwarzwald.<br \/>\nEr war seit 1724 mit Anna von Weltz verheiratet und hatte mit ihr den Sohn Heinrich August (1732\u20131797), sp\u00e4ter Spezialsuperintendent und Stadtpfarrer in T\u00fcbingen. Er ist der Gro\u00dfvater von Eberhard Heinrich Georgii.<\/p>\n<p>Eberhard August Erhard Georgii is the 7\u00d7great uncle of Dirk Messerschmidt<\/p>\n<p><a href=\"https:\/\/familytree.dirkme.de\/index.php\/vorfahren\/georgii-eberhard-august-erhard\/\">Eberhard August Georgii<\/a><\/p>\n","protected":false},"excerpt":{"rendered":"<p>Eberhard August Georgii (* 22. Juli 1700; \u2020 11. Juli 1742) war ein deutscher Jurist und Syndikus. Eberhard August war<\/p>\n","protected":false},"author":1,"featured_media":0,"parent":0,"menu_order":0,"comment_status":"closed","ping_status":"closed","template":"","meta":{"footnotes":""},"class_list":["post-5601","page","type-page","status-publish","hentry","comments-off"],"yoast_head":"<!-- This site is optimized with the Yoast SEO plugin v26.4 - https:\/\/yoast.com\/wordpress\/plugins\/seo\/ -->\n<title>Georgii - Stammbaum Ahnenforschung Messerschmidt Georgii<\/title>\n<meta name=\"description\" content=\"Eberhard August Georgii (* 22. Juli 1700; \u2020 11. Juli 1742) war ein deutscher Jurist und Syndikus.Eberhard August war ein Bruder des w\u00fcrttembergischen Staatsministers Johann Eberhard Georgii. Er studierte in Pont-\u00e0-Mousson und in Stra\u00dfburg Jura und wurde im Alter von 23 Jahren Kanzlei-Direktor der freien Reichsstadt Ravensburg. 1735 wurde er dort Syndikus und danach Konsulent des Ritterkantons Neckar-Schwarzwald.Er war seit 1724 mit Anna von Weltz verheiratet und hatte mit ihr den Sohn Heinrich August (1732\u20131797), sp\u00e4ter Spezialsuperintendent und Stadtpfarrer in T\u00fcbingen. Er ist der Gro\u00dfvater von Eberhard Heinrich Georgii.Eberhard August Erhard Georgii is the 7\u00d7great uncle of Dirk Messerschmidt\" \/>\n<meta name=\"robots\" content=\"index, follow, max-snippet:-1, max-image-preview:large, max-video-preview:-1\" \/>\n<link rel=\"canonical\" href=\"https:\/\/familytree.dirkme.de\/index.php\/eberhard-august-georgii-geogenau\/\" \/>\n<meta property=\"og:locale\" content=\"de_DE\" \/>\n<meta property=\"og:type\" content=\"article\" \/>\n<meta property=\"og:title\" content=\"Georgii - Stammbaum Ahnenforschung Messerschmidt Georgii\" \/>\n<meta property=\"og:description\" content=\"Eberhard August Georgii (* 22. Juli 1700; \u2020 11. Juli 1742) war ein deutscher Jurist und Syndikus.Eberhard August war ein Bruder des w\u00fcrttembergischen Staatsministers Johann Eberhard Georgii. Er studierte in Pont-\u00e0-Mousson und in Stra\u00dfburg Jura und wurde im Alter von 23 Jahren Kanzlei-Direktor der freien Reichsstadt Ravensburg. 1735 wurde er dort Syndikus und danach Konsulent des Ritterkantons Neckar-Schwarzwald.Er war seit 1724 mit Anna von Weltz verheiratet und hatte mit ihr den Sohn Heinrich August (1732\u20131797), sp\u00e4ter Spezialsuperintendent und Stadtpfarrer in T\u00fcbingen. Er ist der Gro\u00dfvater von Eberhard Heinrich Georgii.Eberhard August Erhard Georgii is the 7\u00d7great uncle of Dirk Messerschmidt\" \/>\n<meta property=\"og:url\" content=\"https:\/\/familytree.dirkme.de\/index.php\/eberhard-august-georgii-geogenau\/\" \/>\n<meta property=\"og:site_name\" content=\"Stammbaum Ahnenforschung Messerschmidt Georgii\" \/>\n<meta property=\"article:modified_time\" content=\"2019-10-29T10:48:04+00:00\" \/>\n<meta name=\"twitter:card\" content=\"summary_large_image\" \/>\n<meta name=\"twitter:label1\" content=\"Gesch\u00e4tzte Lesezeit\" \/>\n\t<meta name=\"twitter:data1\" content=\"1\u00a0Minute\" \/>\n<script type=\"application\/ld+json\" class=\"yoast-schema-graph\">{\"@context\":\"https:\/\/schema.org\",\"@graph\":[{\"@type\":\"WebPage\",\"@id\":\"https:\/\/familytree.dirkme.de\/index.php\/eberhard-august-georgii-geogenau\/\",\"url\":\"https:\/\/familytree.dirkme.de\/index.php\/eberhard-august-georgii-geogenau\/\",\"name\":\"Georgii - Stammbaum Ahnenforschung Messerschmidt Georgii\",\"isPartOf\":{\"@id\":\"https:\/\/familytree.dirkme.de\/#website\"},\"datePublished\":\"2019-09-20T19:46:41+00:00\",\"dateModified\":\"2019-10-29T10:48:04+00:00\",\"description\":\"Eberhard August Georgii (* 22. Juli 1700; \u2020 11. Juli 1742) war ein deutscher Jurist und Syndikus.Eberhard August war ein Bruder des w\u00fcrttembergischen Staatsministers Johann Eberhard Georgii. Er studierte in Pont-\u00e0-Mousson und in Stra\u00dfburg Jura und wurde im Alter von 23 Jahren Kanzlei-Direktor der freien Reichsstadt Ravensburg. 1735 wurde er dort Syndikus und danach Konsulent des Ritterkantons Neckar-Schwarzwald.Er war seit 1724 mit Anna von Weltz verheiratet und hatte mit ihr den Sohn Heinrich August (1732\u20131797), sp\u00e4ter Spezialsuperintendent und Stadtpfarrer in T\u00fcbingen. Er ist der Gro\u00dfvater von Eberhard Heinrich Georgii.Eberhard August Erhard Georgii is the 7\u00d7great uncle of Dirk Messerschmidt\",\"breadcrumb\":{\"@id\":\"https:\/\/familytree.dirkme.de\/index.php\/eberhard-august-georgii-geogenau\/#breadcrumb\"},\"inLanguage\":\"de\",\"potentialAction\":[{\"@type\":\"ReadAction\",\"target\":[\"https:\/\/familytree.dirkme.de\/index.php\/eberhard-august-georgii-geogenau\/\"]}]},{\"@type\":\"BreadcrumbList\",\"@id\":\"https:\/\/familytree.dirkme.de\/index.php\/eberhard-august-georgii-geogenau\/#breadcrumb\",\"itemListElement\":[{\"@type\":\"ListItem\",\"position\":1,\"name\":\"Startseite\",\"item\":\"https:\/\/familytree.dirkme.de\/\"},{\"@type\":\"ListItem\",\"position\":2,\"name\":\"Georgii\"}]},{\"@type\":\"WebSite\",\"@id\":\"https:\/\/familytree.dirkme.de\/#website\",\"url\":\"https:\/\/familytree.dirkme.de\/\",\"name\":\"Stammbaum Ahnenforschung Messerschmidt Georgii\",\"description\":\"Family Tree History Messerschmidt Georgii Georgenau Kepler Bardili K\u00f6bberling Fl\u00fcgge Moser Zeller Alber Genealogie Vorfahren Ahnen\",\"publisher\":{\"@id\":\"https:\/\/familytree.dirkme.de\/#organization\"},\"potentialAction\":[{\"@type\":\"SearchAction\",\"target\":{\"@type\":\"EntryPoint\",\"urlTemplate\":\"https:\/\/familytree.dirkme.de\/?s={search_term_string}\"},\"query-input\":{\"@type\":\"PropertyValueSpecification\",\"valueRequired\":true,\"valueName\":\"search_term_string\"}}],\"inLanguage\":\"de\"},{\"@type\":\"Organization\",\"@id\":\"https:\/\/familytree.dirkme.de\/#organization\",\"name\":\"Family Tree Messerschmidt Georgii Kepler Bardili K\u00f6bberling Fl\u00fcgge\",\"url\":\"https:\/\/familytree.dirkme.de\/\",\"logo\":{\"@type\":\"ImageObject\",\"inLanguage\":\"de\",\"@id\":\"https:\/\/familytree.dirkme.de\/#\/schema\/logo\/image\/\",\"url\":\"https:\/\/familytree.dirkme.de\/wp-content\/uploads\/2019\/09\/favicon2.bmp\",\"contentUrl\":\"https:\/\/familytree.dirkme.de\/wp-content\/uploads\/2019\/09\/favicon2.bmp\",\"width\":48,\"height\":48,\"caption\":\"Family Tree Messerschmidt Georgii Kepler Bardili K\u00f6bberling Fl\u00fcgge\"},\"image\":{\"@id\":\"https:\/\/familytree.dirkme.de\/#\/schema\/logo\/image\/\"}}]}<\/script>\n<!-- \/ Yoast SEO plugin. -->","yoast_head_json":{"title":"Georgii - Stammbaum Ahnenforschung Messerschmidt Georgii","description":"Eberhard August Georgii (* 22. Juli 1700; \u2020 11. Juli 1742) war ein deutscher Jurist und Syndikus.Eberhard August war ein Bruder des w\u00fcrttembergischen Staatsministers Johann Eberhard Georgii. Er studierte in Pont-\u00e0-Mousson und in Stra\u00dfburg Jura und wurde im Alter von 23 Jahren Kanzlei-Direktor der freien Reichsstadt Ravensburg. 1735 wurde er dort Syndikus und danach Konsulent des Ritterkantons Neckar-Schwarzwald.Er war seit 1724 mit Anna von Weltz verheiratet und hatte mit ihr den Sohn Heinrich August (1732\u20131797), sp\u00e4ter Spezialsuperintendent und Stadtpfarrer in T\u00fcbingen. Er ist der Gro\u00dfvater von Eberhard Heinrich Georgii.Eberhard August Erhard Georgii is the 7\u00d7great uncle of Dirk Messerschmidt","robots":{"index":"index","follow":"follow","max-snippet":"max-snippet:-1","max-image-preview":"max-image-preview:large","max-video-preview":"max-video-preview:-1"},"canonical":"https:\/\/familytree.dirkme.de\/index.php\/eberhard-august-georgii-geogenau\/","og_locale":"de_DE","og_type":"article","og_title":"Georgii - Stammbaum Ahnenforschung Messerschmidt Georgii","og_description":"Eberhard August Georgii (* 22. Juli 1700; \u2020 11. Juli 1742) war ein deutscher Jurist und Syndikus.Eberhard August war ein Bruder des w\u00fcrttembergischen Staatsministers Johann Eberhard Georgii. Er studierte in Pont-\u00e0-Mousson und in Stra\u00dfburg Jura und wurde im Alter von 23 Jahren Kanzlei-Direktor der freien Reichsstadt Ravensburg. 1735 wurde er dort Syndikus und danach Konsulent des Ritterkantons Neckar-Schwarzwald.Er war seit 1724 mit Anna von Weltz verheiratet und hatte mit ihr den Sohn Heinrich August (1732\u20131797), sp\u00e4ter Spezialsuperintendent und Stadtpfarrer in T\u00fcbingen. Er ist der Gro\u00dfvater von Eberhard Heinrich Georgii.Eberhard August Erhard Georgii is the 7\u00d7great uncle of Dirk Messerschmidt","og_url":"https:\/\/familytree.dirkme.de\/index.php\/eberhard-august-georgii-geogenau\/","og_site_name":"Stammbaum Ahnenforschung Messerschmidt Georgii","article_modified_time":"2019-10-29T10:48:04+00:00","twitter_card":"summary_large_image","twitter_misc":{"Gesch\u00e4tzte Lesezeit":"1\u00a0Minute"},"schema":{"@context":"https:\/\/schema.org","@graph":[{"@type":"WebPage","@id":"https:\/\/familytree.dirkme.de\/index.php\/eberhard-august-georgii-geogenau\/","url":"https:\/\/familytree.dirkme.de\/index.php\/eberhard-august-georgii-geogenau\/","name":"Georgii - Stammbaum Ahnenforschung Messerschmidt Georgii","isPartOf":{"@id":"https:\/\/familytree.dirkme.de\/#website"},"datePublished":"2019-09-20T19:46:41+00:00","dateModified":"2019-10-29T10:48:04+00:00","description":"Eberhard August Georgii (* 22. Juli 1700; \u2020 11. Juli 1742) war ein deutscher Jurist und Syndikus.Eberhard August war ein Bruder des w\u00fcrttembergischen Staatsministers Johann Eberhard Georgii. Er studierte in Pont-\u00e0-Mousson und in Stra\u00dfburg Jura und wurde im Alter von 23 Jahren Kanzlei-Direktor der freien Reichsstadt Ravensburg. 1735 wurde er dort Syndikus und danach Konsulent des Ritterkantons Neckar-Schwarzwald.Er war seit 1724 mit Anna von Weltz verheiratet und hatte mit ihr den Sohn Heinrich August (1732\u20131797), sp\u00e4ter Spezialsuperintendent und Stadtpfarrer in T\u00fcbingen. Er ist der Gro\u00dfvater von Eberhard Heinrich Georgii.Eberhard August Erhard Georgii is the 7\u00d7great uncle of Dirk Messerschmidt","breadcrumb":{"@id":"https:\/\/familytree.dirkme.de\/index.php\/eberhard-august-georgii-geogenau\/#breadcrumb"},"inLanguage":"de","potentialAction":[{"@type":"ReadAction","target":["https:\/\/familytree.dirkme.de\/index.php\/eberhard-august-georgii-geogenau\/"]}]},{"@type":"BreadcrumbList","@id":"https:\/\/familytree.dirkme.de\/index.php\/eberhard-august-georgii-geogenau\/#breadcrumb","itemListElement":[{"@type":"ListItem","position":1,"name":"Startseite","item":"https:\/\/familytree.dirkme.de\/"},{"@type":"ListItem","position":2,"name":"Georgii"}]},{"@type":"WebSite","@id":"https:\/\/familytree.dirkme.de\/#website","url":"https:\/\/familytree.dirkme.de\/","name":"Stammbaum Ahnenforschung Messerschmidt Georgii","description":"Family Tree History Messerschmidt Georgii Georgenau Kepler Bardili K\u00f6bberling Fl\u00fcgge Moser Zeller Alber Genealogie Vorfahren Ahnen","publisher":{"@id":"https:\/\/familytree.dirkme.de\/#organization"},"potentialAction":[{"@type":"SearchAction","target":{"@type":"EntryPoint","urlTemplate":"https:\/\/familytree.dirkme.de\/?s={search_term_string}"},"query-input":{"@type":"PropertyValueSpecification","valueRequired":true,"valueName":"search_term_string"}}],"inLanguage":"de"},{"@type":"Organization","@id":"https:\/\/familytree.dirkme.de\/#organization","name":"Family Tree Messerschmidt Georgii Kepler Bardili K\u00f6bberling Fl\u00fcgge","url":"https:\/\/familytree.dirkme.de\/","logo":{"@type":"ImageObject","inLanguage":"de","@id":"https:\/\/familytree.dirkme.de\/#\/schema\/logo\/image\/","url":"https:\/\/familytree.dirkme.de\/wp-content\/uploads\/2019\/09\/favicon2.bmp","contentUrl":"https:\/\/familytree.dirkme.de\/wp-content\/uploads\/2019\/09\/favicon2.bmp","width":48,"height":48,"caption":"Family Tree Messerschmidt Georgii Kepler Bardili K\u00f6bberling Fl\u00fcgge"},"image":{"@id":"https:\/\/familytree.dirkme.de\/#\/schema\/logo\/image\/"}}]}},"_links":{"self":[{"href":"https:\/\/familytree.dirkme.de\/index.php\/wp-json\/wp\/v2\/pages\/5601","targetHints":{"allow":["GET"]}}],"collection":[{"href":"https:\/\/familytree.dirkme.de\/index.php\/wp-json\/wp\/v2\/pages"}],"about":[{"href":"https:\/\/familytree.dirkme.de\/index.php\/wp-json\/wp\/v2\/types\/page"}],"author":[{"embeddable":true,"href":"https:\/\/familytree.dirkme.de\/index.php\/wp-json\/wp\/v2\/users\/1"}],"replies":[{"embeddable":true,"href":"https:\/\/familytree.dirkme.de\/index.php\/wp-json\/wp\/v2\/comments?post=5601"}],"version-history":[{"count":4,"href":"https:\/\/familytree.dirkme.de\/index.php\/wp-json\/wp\/v2\/pages\/5601\/revisions"}],"predecessor-version":[{"id":10667,"href":"https:\/\/familytree.dirkme.de\/index.php\/wp-json\/wp\/v2\/pages\/5601\/revisions\/10667"}],"wp:attachment":[{"href":"https:\/\/familytree.dirkme.de\/index.php\/wp-json\/wp\/v2\/media?parent=5601"}],"curies":[{"name":"wp","href":"https:\/\/api.w.org\/{rel}","templated":true}]}}