{"id":5605,"date":"2019-09-20T19:50:34","date_gmt":"2019-09-20T19:50:34","guid":{"rendered":"http:\/\/familytree.dirkme.de\/?page_id=5605"},"modified":"2019-10-29T10:46:41","modified_gmt":"2019-10-29T10:46:41","slug":"dirk-messerschmidt","status":"publish","type":"page","link":"https:\/\/familytree.dirkme.de\/index.php\/dirk-messerschmidt\/","title":{"rendered":"Messerschmidt"},"content":{"rendered":"<p>Messerschmidt ist ein Asteroid des Hauptg\u00fcrtels, der am 26. September 1989 vom belgischen Astronomen Eric Walter Elst am La-Silla-Observatorium (IAU-Code 809) der Europ\u00e4ischen S\u00fcdsternwarte in Chile entdeckt wurde. <\/p>\n<p>Der Asteroid wurde am 13. Juni 2006 nach dem deutschen Naturforscher Daniel Gottlieb Messerschmidt (1685\u20131735) benannt, der vom russischen Zaren Peter dem Gro\u00dfen zwischen 1719 und 1728 auf eine Expedition nach Sibirien entsandt wurde, um Ger\u00fcchten \u00fcber Naturph\u00e4nomenen wie gefrorenen Mammuts nachzugehen. <\/p>\n<hr>\n<p>Dirk Messerschmidt hat diese Webseite ins Leben gerufen, um im Austausch Informationen zu Ahnen zu erforschen. Einige Erkenntnisse waren bereits erfolgreich rund um die Familien Kepler, Georgi, Bardili, K\u00f6bberling, Messerschmidt, Bogner, Haas, Heckler, Reinhardt, Fl\u00fcgge, Wagner, Georgenau, Kirchhoff, Keppler, Sick, Herwegh, H\u00f6lder, Pregetzer, Fajnor, Braungardt, William, Wiedmann, Weizenh\u00f6fer, \u2026 &#8211; sollen aber noch weiter vertieft werden.<\/p>\n<p>Dirk Messerschmidt aus M\u00fcnchen ist hauptberuflich Services Delivery Manager f\u00fcr Microsoft.<\/p>\n<p>Zu seinen Ahnen geh\u00f6rt etwa:<\/p>\n<ul>\n<li><a href=\"http:\/\/kepler.dirkme.de\">Johannes Kepler<\/a> ist der 10 \u00d7 Gro\u00dfonkel von <a href=\"http:\/\/messerschmidt.dirkme.de\">Dirk Messerschmidt<\/a><\/li>\n<li><a href=\"http:\/\/bardili.dirkme.de\">Burkhard Bardili<\/a> ist der 8 \u00d7 Gro\u00dfonkel von <a href=\"http:\/\/messerschmidt.dirkme.de\">Dirk Messerschmidt<\/a><\/li>\n<li><a href=\"http:\/\/zeller.dirkme.de\">Johannes Zeller<\/a> ist der 7 \u00d7 Urgro\u00dfvater von <a href=\"http:\/\/messerschmidt.dirkme.de\">Dirk Messerschmidt<\/a><\/li>\n<li><a href=\"http:\/\/georgii.dirkme.de\">Emil Georgii<\/a> ist der 2 \u00d7 Urgro\u00dfvater von <a href=\"http:\/\/messerschmidt.dirkme.de\">Dirk Messerschmidt<\/a><\/li>\n<li><a href=\"http:\/\/fluegge.dirkme.de\">Theodor Hans Carl August Fl\u00fcgge<\/a> ist der 2 \u00d7 Urgro\u00dfvater von den Kindern von <a href=\"http:\/\/messerschmidt.dirkme.de\">Dirk Messerschmidt<\/a><\/li>\n<\/ul>\n","protected":false},"excerpt":{"rendered":"<p>Messerschmidt ist ein Asteroid des Hauptg\u00fcrtels, der am 26. September 1989 vom belgischen Astronomen Eric Walter Elst am La-Silla-Observatorium (IAU-Code<\/p>\n","protected":false},"author":1,"featured_media":0,"parent":0,"menu_order":0,"comment_status":"closed","ping_status":"closed","template":"","meta":{"footnotes":""},"class_list":["post-5605","page","type-page","status-publish","hentry","comments-off"],"yoast_head":"<!-- This site is optimized with the Yoast SEO plugin v26.4 - https:\/\/yoast.com\/wordpress\/plugins\/seo\/ -->\n<title>Messerschmidt - Stammbaum Ahnenforschung Messerschmidt Georgii<\/title>\n<meta name=\"robots\" content=\"index, follow, max-snippet:-1, max-image-preview:large, max-video-preview:-1\" \/>\n<link rel=\"canonical\" href=\"https:\/\/familytree.dirkme.de\/index.php\/dirk-messerschmidt\/\" \/>\n<meta property=\"og:locale\" content=\"de_DE\" \/>\n<meta property=\"og:type\" content=\"article\" \/>\n<meta property=\"og:title\" content=\"Messerschmidt - Stammbaum Ahnenforschung Messerschmidt Georgii\" \/>\n<meta property=\"og:description\" content=\"Messerschmidt ist ein Asteroid des Hauptg\u00fcrtels, der am 26. September 1989 vom belgischen Astronomen Eric Walter Elst am La-Silla-Observatorium (IAU-Code\" \/>\n<meta property=\"og:url\" content=\"https:\/\/familytree.dirkme.de\/index.php\/dirk-messerschmidt\/\" \/>\n<meta property=\"og:site_name\" content=\"Stammbaum Ahnenforschung Messerschmidt Georgii\" \/>\n<meta property=\"article:modified_time\" content=\"2019-10-29T10:46:41+00:00\" \/>\n<meta name=\"twitter:card\" content=\"summary_large_image\" \/>\n<meta name=\"twitter:label1\" content=\"Gesch\u00e4tzte Lesezeit\" \/>\n\t<meta name=\"twitter:data1\" content=\"1\u00a0Minute\" \/>\n<script type=\"application\/ld+json\" class=\"yoast-schema-graph\">{\"@context\":\"https:\/\/schema.org\",\"@graph\":[{\"@type\":\"WebPage\",\"@id\":\"https:\/\/familytree.dirkme.de\/index.php\/dirk-messerschmidt\/\",\"url\":\"https:\/\/familytree.dirkme.de\/index.php\/dirk-messerschmidt\/\",\"name\":\"Messerschmidt - Stammbaum Ahnenforschung Messerschmidt Georgii\",\"isPartOf\":{\"@id\":\"https:\/\/familytree.dirkme.de\/#website\"},\"datePublished\":\"2019-09-20T19:50:34+00:00\",\"dateModified\":\"2019-10-29T10:46:41+00:00\",\"breadcrumb\":{\"@id\":\"https:\/\/familytree.dirkme.de\/index.php\/dirk-messerschmidt\/#breadcrumb\"},\"inLanguage\":\"de\",\"potentialAction\":[{\"@type\":\"ReadAction\",\"target\":[\"https:\/\/familytree.dirkme.de\/index.php\/dirk-messerschmidt\/\"]}]},{\"@type\":\"BreadcrumbList\",\"@id\":\"https:\/\/familytree.dirkme.de\/index.php\/dirk-messerschmidt\/#breadcrumb\",\"itemListElement\":[{\"@type\":\"ListItem\",\"position\":1,\"name\":\"Startseite\",\"item\":\"https:\/\/familytree.dirkme.de\/\"},{\"@type\":\"ListItem\",\"position\":2,\"name\":\"Messerschmidt\"}]},{\"@type\":\"WebSite\",\"@id\":\"https:\/\/familytree.dirkme.de\/#website\",\"url\":\"https:\/\/familytree.dirkme.de\/\",\"name\":\"Stammbaum Ahnenforschung Messerschmidt Georgii\",\"description\":\"Family Tree History Messerschmidt Georgii Georgenau Kepler Bardili K\u00f6bberling Fl\u00fcgge Moser Zeller Alber Genealogie Vorfahren Ahnen\",\"publisher\":{\"@id\":\"https:\/\/familytree.dirkme.de\/#organization\"},\"potentialAction\":[{\"@type\":\"SearchAction\",\"target\":{\"@type\":\"EntryPoint\",\"urlTemplate\":\"https:\/\/familytree.dirkme.de\/?s={search_term_string}\"},\"query-input\":{\"@type\":\"PropertyValueSpecification\",\"valueRequired\":true,\"valueName\":\"search_term_string\"}}],\"inLanguage\":\"de\"},{\"@type\":\"Organization\",\"@id\":\"https:\/\/familytree.dirkme.de\/#organization\",\"name\":\"Family Tree Messerschmidt Georgii Kepler Bardili K\u00f6bberling Fl\u00fcgge\",\"url\":\"https:\/\/familytree.dirkme.de\/\",\"logo\":{\"@type\":\"ImageObject\",\"inLanguage\":\"de\",\"@id\":\"https:\/\/familytree.dirkme.de\/#\/schema\/logo\/image\/\",\"url\":\"https:\/\/familytree.dirkme.de\/wp-content\/uploads\/2019\/09\/favicon2.bmp\",\"contentUrl\":\"https:\/\/familytree.dirkme.de\/wp-content\/uploads\/2019\/09\/favicon2.bmp\",\"width\":48,\"height\":48,\"caption\":\"Family Tree Messerschmidt Georgii Kepler Bardili K\u00f6bberling Fl\u00fcgge\"},\"image\":{\"@id\":\"https:\/\/familytree.dirkme.de\/#\/schema\/logo\/image\/\"}}]}<\/script>\n<!-- \/ Yoast SEO plugin. -->","yoast_head_json":{"title":"Messerschmidt - Stammbaum Ahnenforschung Messerschmidt Georgii","robots":{"index":"index","follow":"follow","max-snippet":"max-snippet:-1","max-image-preview":"max-image-preview:large","max-video-preview":"max-video-preview:-1"},"canonical":"https:\/\/familytree.dirkme.de\/index.php\/dirk-messerschmidt\/","og_locale":"de_DE","og_type":"article","og_title":"Messerschmidt - Stammbaum Ahnenforschung Messerschmidt Georgii","og_description":"Messerschmidt ist ein Asteroid des Hauptg\u00fcrtels, der am 26. September 1989 vom belgischen Astronomen Eric Walter Elst am La-Silla-Observatorium (IAU-Code","og_url":"https:\/\/familytree.dirkme.de\/index.php\/dirk-messerschmidt\/","og_site_name":"Stammbaum Ahnenforschung Messerschmidt Georgii","article_modified_time":"2019-10-29T10:46:41+00:00","twitter_card":"summary_large_image","twitter_misc":{"Gesch\u00e4tzte Lesezeit":"1\u00a0Minute"},"schema":{"@context":"https:\/\/schema.org","@graph":[{"@type":"WebPage","@id":"https:\/\/familytree.dirkme.de\/index.php\/dirk-messerschmidt\/","url":"https:\/\/familytree.dirkme.de\/index.php\/dirk-messerschmidt\/","name":"Messerschmidt - Stammbaum Ahnenforschung Messerschmidt Georgii","isPartOf":{"@id":"https:\/\/familytree.dirkme.de\/#website"},"datePublished":"2019-09-20T19:50:34+00:00","dateModified":"2019-10-29T10:46:41+00:00","breadcrumb":{"@id":"https:\/\/familytree.dirkme.de\/index.php\/dirk-messerschmidt\/#breadcrumb"},"inLanguage":"de","potentialAction":[{"@type":"ReadAction","target":["https:\/\/familytree.dirkme.de\/index.php\/dirk-messerschmidt\/"]}]},{"@type":"BreadcrumbList","@id":"https:\/\/familytree.dirkme.de\/index.php\/dirk-messerschmidt\/#breadcrumb","itemListElement":[{"@type":"ListItem","position":1,"name":"Startseite","item":"https:\/\/familytree.dirkme.de\/"},{"@type":"ListItem","position":2,"name":"Messerschmidt"}]},{"@type":"WebSite","@id":"https:\/\/familytree.dirkme.de\/#website","url":"https:\/\/familytree.dirkme.de\/","name":"Stammbaum Ahnenforschung Messerschmidt Georgii","description":"Family Tree History Messerschmidt Georgii Georgenau Kepler Bardili K\u00f6bberling Fl\u00fcgge Moser Zeller Alber Genealogie Vorfahren Ahnen","publisher":{"@id":"https:\/\/familytree.dirkme.de\/#organization"},"potentialAction":[{"@type":"SearchAction","target":{"@type":"EntryPoint","urlTemplate":"https:\/\/familytree.dirkme.de\/?s={search_term_string}"},"query-input":{"@type":"PropertyValueSpecification","valueRequired":true,"valueName":"search_term_string"}}],"inLanguage":"de"},{"@type":"Organization","@id":"https:\/\/familytree.dirkme.de\/#organization","name":"Family Tree Messerschmidt Georgii Kepler Bardili K\u00f6bberling Fl\u00fcgge","url":"https:\/\/familytree.dirkme.de\/","logo":{"@type":"ImageObject","inLanguage":"de","@id":"https:\/\/familytree.dirkme.de\/#\/schema\/logo\/image\/","url":"https:\/\/familytree.dirkme.de\/wp-content\/uploads\/2019\/09\/favicon2.bmp","contentUrl":"https:\/\/familytree.dirkme.de\/wp-content\/uploads\/2019\/09\/favicon2.bmp","width":48,"height":48,"caption":"Family Tree Messerschmidt Georgii Kepler Bardili K\u00f6bberling Fl\u00fcgge"},"image":{"@id":"https:\/\/familytree.dirkme.de\/#\/schema\/logo\/image\/"}}]}},"_links":{"self":[{"href":"https:\/\/familytree.dirkme.de\/index.php\/wp-json\/wp\/v2\/pages\/5605","targetHints":{"allow":["GET"]}}],"collection":[{"href":"https:\/\/familytree.dirkme.de\/index.php\/wp-json\/wp\/v2\/pages"}],"about":[{"href":"https:\/\/familytree.dirkme.de\/index.php\/wp-json\/wp\/v2\/types\/page"}],"author":[{"embeddable":true,"href":"https:\/\/familytree.dirkme.de\/index.php\/wp-json\/wp\/v2\/users\/1"}],"replies":[{"embeddable":true,"href":"https:\/\/familytree.dirkme.de\/index.php\/wp-json\/wp\/v2\/comments?post=5605"}],"version-history":[{"count":4,"href":"https:\/\/familytree.dirkme.de\/index.php\/wp-json\/wp\/v2\/pages\/5605\/revisions"}],"predecessor-version":[{"id":10699,"href":"https:\/\/familytree.dirkme.de\/index.php\/wp-json\/wp\/v2\/pages\/5605\/revisions\/10699"}],"wp:attachment":[{"href":"https:\/\/familytree.dirkme.de\/index.php\/wp-json\/wp\/v2\/media?parent=5605"}],"curies":[{"name":"wp","href":"https:\/\/api.w.org\/{rel}","templated":true}]}}