{"id":5610,"date":"2019-09-20T19:59:30","date_gmt":"2019-09-20T19:59:30","guid":{"rendered":"http:\/\/familytree.dirkme.de\/?page_id=5610"},"modified":"2019-10-29T10:49:14","modified_gmt":"2019-10-29T10:49:14","slug":"carl-august-koebberling","status":"publish","type":"page","link":"https:\/\/familytree.dirkme.de\/index.php\/carl-august-koebberling\/","title":{"rendered":"K\u00f6bberling"},"content":{"rendered":"<p>Johannes K\u00f6bberling (* 23. April 1940 in L\u00f6tzen) ist ein deutscher Arzt. Er ist stellvertretendes gesch\u00e4ftsf\u00fchrendes Mitglied der Gutachterkommission f\u00fcr \u00e4rztliche Behandlungsfehler bei der \u00c4rztekammer Nordrhein. Weiterhin ist K\u00f6bberling Mitglied im Wissenschaftlichen Beirat des Instituts f\u00fcr Qualit\u00e4t und Wirtschaftlichkeit im Gesundheitswesen (IQWiG) und im Wissenschaftsrat der Gesellschaft zur wissenschaftlichen Untersuchung von Parawissenschaften (GWUP).<\/p>\n<p>Johannes K\u00f6bberling is the grandfather of Max Messerschmidt<\/p>\n","protected":false},"excerpt":{"rendered":"<p>Johannes K\u00f6bberling (* 23. April 1940 in L\u00f6tzen) ist ein deutscher Arzt. Er ist stellvertretendes gesch\u00e4ftsf\u00fchrendes Mitglied der Gutachterkommission f\u00fcr<\/p>\n","protected":false},"author":1,"featured_media":0,"parent":0,"menu_order":0,"comment_status":"closed","ping_status":"closed","template":"","meta":{"footnotes":""},"class_list":["post-5610","page","type-page","status-publish","hentry","comments-off"],"yoast_head":"<!-- This site is optimized with the Yoast SEO plugin v26.4 - https:\/\/yoast.com\/wordpress\/plugins\/seo\/ -->\n<title>K\u00f6bberling - Stammbaum Ahnenforschung Messerschmidt Georgii<\/title>\n<meta name=\"description\" content=\"Johannes K\u00f6bberling (* 23. April 1940 in L\u00f6tzen) ist ein deutscher Arzt. Er ist stellvertretendes gesch\u00e4ftsf\u00fchrendes Mitglied der Gutachterkommission f\u00fcr \u00e4rztliche Behandlungsfehler bei der \u00c4rztekammer Nordrhein. Weiterhin ist K\u00f6bberling Mitglied im Wissenschaftlichen Beirat des Instituts f\u00fcr Qualit\u00e4t und Wirtschaftlichkeit im Gesundheitswesen (IQWiG) und im Wissenschaftsrat der Gesellschaft zur wissenschaftlichen Untersuchung von Parawissenschaften (GWUP).Johannes K\u00f6bberling is the grandfather of Max Messerschmidt\" \/>\n<meta name=\"robots\" content=\"index, follow, max-snippet:-1, max-image-preview:large, max-video-preview:-1\" \/>\n<link rel=\"canonical\" href=\"https:\/\/familytree.dirkme.de\/index.php\/carl-august-koebberling\/\" \/>\n<meta property=\"og:locale\" content=\"de_DE\" \/>\n<meta property=\"og:type\" content=\"article\" \/>\n<meta property=\"og:title\" content=\"K\u00f6bberling - Stammbaum Ahnenforschung Messerschmidt Georgii\" \/>\n<meta property=\"og:description\" content=\"Johannes K\u00f6bberling (* 23. April 1940 in L\u00f6tzen) ist ein deutscher Arzt. Er ist stellvertretendes gesch\u00e4ftsf\u00fchrendes Mitglied der Gutachterkommission f\u00fcr \u00e4rztliche Behandlungsfehler bei der \u00c4rztekammer Nordrhein. Weiterhin ist K\u00f6bberling Mitglied im Wissenschaftlichen Beirat des Instituts f\u00fcr Qualit\u00e4t und Wirtschaftlichkeit im Gesundheitswesen (IQWiG) und im Wissenschaftsrat der Gesellschaft zur wissenschaftlichen Untersuchung von Parawissenschaften (GWUP).Johannes K\u00f6bberling is the grandfather of Max Messerschmidt\" \/>\n<meta property=\"og:url\" content=\"https:\/\/familytree.dirkme.de\/index.php\/carl-august-koebberling\/\" \/>\n<meta property=\"og:site_name\" content=\"Stammbaum Ahnenforschung Messerschmidt Georgii\" \/>\n<meta property=\"article:modified_time\" content=\"2019-10-29T10:49:14+00:00\" \/>\n<meta name=\"twitter:card\" content=\"summary_large_image\" \/>\n<script type=\"application\/ld+json\" class=\"yoast-schema-graph\">{\"@context\":\"https:\/\/schema.org\",\"@graph\":[{\"@type\":\"WebPage\",\"@id\":\"https:\/\/familytree.dirkme.de\/index.php\/carl-august-koebberling\/\",\"url\":\"https:\/\/familytree.dirkme.de\/index.php\/carl-august-koebberling\/\",\"name\":\"K\u00f6bberling - Stammbaum Ahnenforschung Messerschmidt Georgii\",\"isPartOf\":{\"@id\":\"https:\/\/familytree.dirkme.de\/#website\"},\"datePublished\":\"2019-09-20T19:59:30+00:00\",\"dateModified\":\"2019-10-29T10:49:14+00:00\",\"description\":\"Johannes K\u00f6bberling (* 23. April 1940 in L\u00f6tzen) ist ein deutscher Arzt. Er ist stellvertretendes gesch\u00e4ftsf\u00fchrendes Mitglied der Gutachterkommission f\u00fcr \u00e4rztliche Behandlungsfehler bei der \u00c4rztekammer Nordrhein. Weiterhin ist K\u00f6bberling Mitglied im Wissenschaftlichen Beirat des Instituts f\u00fcr Qualit\u00e4t und Wirtschaftlichkeit im Gesundheitswesen (IQWiG) und im Wissenschaftsrat der Gesellschaft zur wissenschaftlichen Untersuchung von Parawissenschaften (GWUP).Johannes K\u00f6bberling is the grandfather of Max Messerschmidt\",\"breadcrumb\":{\"@id\":\"https:\/\/familytree.dirkme.de\/index.php\/carl-august-koebberling\/#breadcrumb\"},\"inLanguage\":\"de\",\"potentialAction\":[{\"@type\":\"ReadAction\",\"target\":[\"https:\/\/familytree.dirkme.de\/index.php\/carl-august-koebberling\/\"]}]},{\"@type\":\"BreadcrumbList\",\"@id\":\"https:\/\/familytree.dirkme.de\/index.php\/carl-august-koebberling\/#breadcrumb\",\"itemListElement\":[{\"@type\":\"ListItem\",\"position\":1,\"name\":\"Startseite\",\"item\":\"https:\/\/familytree.dirkme.de\/\"},{\"@type\":\"ListItem\",\"position\":2,\"name\":\"K\u00f6bberling\"}]},{\"@type\":\"WebSite\",\"@id\":\"https:\/\/familytree.dirkme.de\/#website\",\"url\":\"https:\/\/familytree.dirkme.de\/\",\"name\":\"Stammbaum Ahnenforschung Messerschmidt Georgii\",\"description\":\"Family Tree History Messerschmidt Georgii Georgenau Kepler Bardili K\u00f6bberling Fl\u00fcgge Moser Zeller Alber Genealogie Vorfahren Ahnen\",\"publisher\":{\"@id\":\"https:\/\/familytree.dirkme.de\/#organization\"},\"potentialAction\":[{\"@type\":\"SearchAction\",\"target\":{\"@type\":\"EntryPoint\",\"urlTemplate\":\"https:\/\/familytree.dirkme.de\/?s={search_term_string}\"},\"query-input\":{\"@type\":\"PropertyValueSpecification\",\"valueRequired\":true,\"valueName\":\"search_term_string\"}}],\"inLanguage\":\"de\"},{\"@type\":\"Organization\",\"@id\":\"https:\/\/familytree.dirkme.de\/#organization\",\"name\":\"Family Tree Messerschmidt Georgii Kepler Bardili K\u00f6bberling Fl\u00fcgge\",\"url\":\"https:\/\/familytree.dirkme.de\/\",\"logo\":{\"@type\":\"ImageObject\",\"inLanguage\":\"de\",\"@id\":\"https:\/\/familytree.dirkme.de\/#\/schema\/logo\/image\/\",\"url\":\"https:\/\/familytree.dirkme.de\/wp-content\/uploads\/2019\/09\/favicon2.bmp\",\"contentUrl\":\"https:\/\/familytree.dirkme.de\/wp-content\/uploads\/2019\/09\/favicon2.bmp\",\"width\":48,\"height\":48,\"caption\":\"Family Tree Messerschmidt Georgii Kepler Bardili K\u00f6bberling Fl\u00fcgge\"},\"image\":{\"@id\":\"https:\/\/familytree.dirkme.de\/#\/schema\/logo\/image\/\"}}]}<\/script>\n<!-- \/ Yoast SEO plugin. -->","yoast_head_json":{"title":"K\u00f6bberling - Stammbaum Ahnenforschung Messerschmidt Georgii","description":"Johannes K\u00f6bberling (* 23. April 1940 in L\u00f6tzen) ist ein deutscher Arzt. Er ist stellvertretendes gesch\u00e4ftsf\u00fchrendes Mitglied der Gutachterkommission f\u00fcr \u00e4rztliche Behandlungsfehler bei der \u00c4rztekammer Nordrhein. Weiterhin ist K\u00f6bberling Mitglied im Wissenschaftlichen Beirat des Instituts f\u00fcr Qualit\u00e4t und Wirtschaftlichkeit im Gesundheitswesen (IQWiG) und im Wissenschaftsrat der Gesellschaft zur wissenschaftlichen Untersuchung von Parawissenschaften (GWUP).Johannes K\u00f6bberling is the grandfather of Max Messerschmidt","robots":{"index":"index","follow":"follow","max-snippet":"max-snippet:-1","max-image-preview":"max-image-preview:large","max-video-preview":"max-video-preview:-1"},"canonical":"https:\/\/familytree.dirkme.de\/index.php\/carl-august-koebberling\/","og_locale":"de_DE","og_type":"article","og_title":"K\u00f6bberling - Stammbaum Ahnenforschung Messerschmidt Georgii","og_description":"Johannes K\u00f6bberling (* 23. April 1940 in L\u00f6tzen) ist ein deutscher Arzt. Er ist stellvertretendes gesch\u00e4ftsf\u00fchrendes Mitglied der Gutachterkommission f\u00fcr \u00e4rztliche Behandlungsfehler bei der \u00c4rztekammer Nordrhein. Weiterhin ist K\u00f6bberling Mitglied im Wissenschaftlichen Beirat des Instituts f\u00fcr Qualit\u00e4t und Wirtschaftlichkeit im Gesundheitswesen (IQWiG) und im Wissenschaftsrat der Gesellschaft zur wissenschaftlichen Untersuchung von Parawissenschaften (GWUP).Johannes K\u00f6bberling is the grandfather of Max Messerschmidt","og_url":"https:\/\/familytree.dirkme.de\/index.php\/carl-august-koebberling\/","og_site_name":"Stammbaum Ahnenforschung Messerschmidt Georgii","article_modified_time":"2019-10-29T10:49:14+00:00","twitter_card":"summary_large_image","schema":{"@context":"https:\/\/schema.org","@graph":[{"@type":"WebPage","@id":"https:\/\/familytree.dirkme.de\/index.php\/carl-august-koebberling\/","url":"https:\/\/familytree.dirkme.de\/index.php\/carl-august-koebberling\/","name":"K\u00f6bberling - Stammbaum Ahnenforschung Messerschmidt Georgii","isPartOf":{"@id":"https:\/\/familytree.dirkme.de\/#website"},"datePublished":"2019-09-20T19:59:30+00:00","dateModified":"2019-10-29T10:49:14+00:00","description":"Johannes K\u00f6bberling (* 23. April 1940 in L\u00f6tzen) ist ein deutscher Arzt. Er ist stellvertretendes gesch\u00e4ftsf\u00fchrendes Mitglied der Gutachterkommission f\u00fcr \u00e4rztliche Behandlungsfehler bei der \u00c4rztekammer Nordrhein. Weiterhin ist K\u00f6bberling Mitglied im Wissenschaftlichen Beirat des Instituts f\u00fcr Qualit\u00e4t und Wirtschaftlichkeit im Gesundheitswesen (IQWiG) und im Wissenschaftsrat der Gesellschaft zur wissenschaftlichen Untersuchung von Parawissenschaften (GWUP).Johannes K\u00f6bberling is the grandfather of Max Messerschmidt","breadcrumb":{"@id":"https:\/\/familytree.dirkme.de\/index.php\/carl-august-koebberling\/#breadcrumb"},"inLanguage":"de","potentialAction":[{"@type":"ReadAction","target":["https:\/\/familytree.dirkme.de\/index.php\/carl-august-koebberling\/"]}]},{"@type":"BreadcrumbList","@id":"https:\/\/familytree.dirkme.de\/index.php\/carl-august-koebberling\/#breadcrumb","itemListElement":[{"@type":"ListItem","position":1,"name":"Startseite","item":"https:\/\/familytree.dirkme.de\/"},{"@type":"ListItem","position":2,"name":"K\u00f6bberling"}]},{"@type":"WebSite","@id":"https:\/\/familytree.dirkme.de\/#website","url":"https:\/\/familytree.dirkme.de\/","name":"Stammbaum Ahnenforschung Messerschmidt Georgii","description":"Family Tree History Messerschmidt Georgii Georgenau Kepler Bardili K\u00f6bberling Fl\u00fcgge Moser Zeller Alber Genealogie Vorfahren Ahnen","publisher":{"@id":"https:\/\/familytree.dirkme.de\/#organization"},"potentialAction":[{"@type":"SearchAction","target":{"@type":"EntryPoint","urlTemplate":"https:\/\/familytree.dirkme.de\/?s={search_term_string}"},"query-input":{"@type":"PropertyValueSpecification","valueRequired":true,"valueName":"search_term_string"}}],"inLanguage":"de"},{"@type":"Organization","@id":"https:\/\/familytree.dirkme.de\/#organization","name":"Family Tree Messerschmidt Georgii Kepler Bardili K\u00f6bberling Fl\u00fcgge","url":"https:\/\/familytree.dirkme.de\/","logo":{"@type":"ImageObject","inLanguage":"de","@id":"https:\/\/familytree.dirkme.de\/#\/schema\/logo\/image\/","url":"https:\/\/familytree.dirkme.de\/wp-content\/uploads\/2019\/09\/favicon2.bmp","contentUrl":"https:\/\/familytree.dirkme.de\/wp-content\/uploads\/2019\/09\/favicon2.bmp","width":48,"height":48,"caption":"Family Tree Messerschmidt Georgii Kepler Bardili K\u00f6bberling Fl\u00fcgge"},"image":{"@id":"https:\/\/familytree.dirkme.de\/#\/schema\/logo\/image\/"}}]}},"_links":{"self":[{"href":"https:\/\/familytree.dirkme.de\/index.php\/wp-json\/wp\/v2\/pages\/5610","targetHints":{"allow":["GET"]}}],"collection":[{"href":"https:\/\/familytree.dirkme.de\/index.php\/wp-json\/wp\/v2\/pages"}],"about":[{"href":"https:\/\/familytree.dirkme.de\/index.php\/wp-json\/wp\/v2\/types\/page"}],"author":[{"embeddable":true,"href":"https:\/\/familytree.dirkme.de\/index.php\/wp-json\/wp\/v2\/users\/1"}],"replies":[{"embeddable":true,"href":"https:\/\/familytree.dirkme.de\/index.php\/wp-json\/wp\/v2\/comments?post=5610"}],"version-history":[{"count":1,"href":"https:\/\/familytree.dirkme.de\/index.php\/wp-json\/wp\/v2\/pages\/5610\/revisions"}],"predecessor-version":[{"id":8304,"href":"https:\/\/familytree.dirkme.de\/index.php\/wp-json\/wp\/v2\/pages\/5610\/revisions\/8304"}],"wp:attachment":[{"href":"https:\/\/familytree.dirkme.de\/index.php\/wp-json\/wp\/v2\/media?parent=5610"}],"curies":[{"name":"wp","href":"https:\/\/api.w.org\/{rel}","templated":true}]}}