{"id":5644,"date":"2019-09-20T20:11:22","date_gmt":"2019-09-20T20:11:22","guid":{"rendered":"http:\/\/familytree.dirkme.de\/?page_id=5644"},"modified":"2019-10-29T10:50:21","modified_gmt":"2019-10-29T10:50:21","slug":"johann-gottfried-zeller","status":"publish","type":"page","link":"https:\/\/familytree.dirkme.de\/index.php\/johann-gottfried-zeller\/","title":{"rendered":"Zeller"},"content":{"rendered":"<p>Johann Gottfried Zeller (* 5. Januar 1656 in Lienzingen, Herzogtum W\u00fcrttemberg; \u2020 7. April 1734 in T\u00fcbingen) war ein deutscher Mediziner.<\/p>\n<p>Johann Zeller studierte in T\u00fcbingen und erlangte dort, nachdem er von einer gr\u00f6\u00dferen wissenschaftlichen Reise durch Frankreich, Holland und Deutschland zur\u00fcckgekehrt war, 1684 die medizinische Doktorw\u00fcrde. Er war dann zwei Jahre lang Reisebegleiter des F\u00fcrsten von Oettingen und seit 1686 au\u00dferordentlicher Professor in T\u00fcbingen.<\/p>\n<p>Johannes Zeller is the 7\u00d7great grandfather of Dirk Messerschmidt<\/p>\n","protected":false},"excerpt":{"rendered":"<p>Johann Gottfried Zeller (* 5. Januar 1656 in Lienzingen, Herzogtum W\u00fcrttemberg; \u2020 7. April 1734 in T\u00fcbingen) war ein deutscher<\/p>\n","protected":false},"author":1,"featured_media":10700,"parent":0,"menu_order":0,"comment_status":"closed","ping_status":"closed","template":"","meta":{"footnotes":""},"class_list":["post-5644","page","type-page","status-publish","has-post-thumbnail","hentry","comments-off"],"yoast_head":"<!-- This site is optimized with the Yoast SEO plugin v26.4 - https:\/\/yoast.com\/wordpress\/plugins\/seo\/ -->\n<title>Zeller - Stammbaum Ahnenforschung Messerschmidt Georgii<\/title>\n<meta name=\"description\" content=\"Johann Gottfried Zeller (* 5. Januar 1656 in Lienzingen, Herzogtum W\u00fcrttemberg; \u2020 7. April 1734 in T\u00fcbingen) war ein deutscher Mediziner.Johann Zeller studierte in T\u00fcbingen und erlangte dort, nachdem er von einer gr\u00f6\u00dferen wissenschaftlichen Reise durch Frankreich, Holland und Deutschland zur\u00fcckgekehrt war, 1684 die medizinische Doktorw\u00fcrde. Er war dann zwei Jahre lang Reisebegleiter des F\u00fcrsten von Oettingen und seit 1686 au\u00dferordentlicher Professor in T\u00fcbingen.Johannes Zeller is the 7\u00d7great grandfather of Dirk Messerschmidt\" \/>\n<meta name=\"robots\" content=\"index, follow, max-snippet:-1, max-image-preview:large, max-video-preview:-1\" \/>\n<link rel=\"canonical\" href=\"https:\/\/familytree.dirkme.de\/index.php\/johann-gottfried-zeller\/\" \/>\n<meta property=\"og:locale\" content=\"de_DE\" \/>\n<meta property=\"og:type\" content=\"article\" \/>\n<meta property=\"og:title\" content=\"Zeller - Stammbaum Ahnenforschung Messerschmidt Georgii\" \/>\n<meta property=\"og:description\" content=\"Johann Gottfried Zeller (* 5. Januar 1656 in Lienzingen, Herzogtum W\u00fcrttemberg; \u2020 7. April 1734 in T\u00fcbingen) war ein deutscher Mediziner.Johann Zeller studierte in T\u00fcbingen und erlangte dort, nachdem er von einer gr\u00f6\u00dferen wissenschaftlichen Reise durch Frankreich, Holland und Deutschland zur\u00fcckgekehrt war, 1684 die medizinische Doktorw\u00fcrde. Er war dann zwei Jahre lang Reisebegleiter des F\u00fcrsten von Oettingen und seit 1686 au\u00dferordentlicher Professor in T\u00fcbingen.Johannes Zeller is the 7\u00d7great grandfather of Dirk Messerschmidt\" \/>\n<meta property=\"og:url\" content=\"https:\/\/familytree.dirkme.de\/index.php\/johann-gottfried-zeller\/\" \/>\n<meta property=\"og:site_name\" content=\"Stammbaum Ahnenforschung Messerschmidt Georgii\" \/>\n<meta property=\"article:modified_time\" content=\"2019-10-29T10:50:21+00:00\" \/>\n<meta property=\"og:image\" content=\"https:\/\/familytree.dirkme.de\/wp-content\/uploads\/2019\/09\/Johann_Zeller_1656-1734.jpg\" \/>\n\t<meta property=\"og:image:width\" content=\"253\" \/>\n\t<meta property=\"og:image:height\" content=\"321\" \/>\n\t<meta property=\"og:image:type\" content=\"image\/jpeg\" \/>\n<meta name=\"twitter:card\" content=\"summary_large_image\" \/>\n<script type=\"application\/ld+json\" class=\"yoast-schema-graph\">{\"@context\":\"https:\/\/schema.org\",\"@graph\":[{\"@type\":\"WebPage\",\"@id\":\"https:\/\/familytree.dirkme.de\/index.php\/johann-gottfried-zeller\/\",\"url\":\"https:\/\/familytree.dirkme.de\/index.php\/johann-gottfried-zeller\/\",\"name\":\"Zeller - Stammbaum Ahnenforschung Messerschmidt Georgii\",\"isPartOf\":{\"@id\":\"https:\/\/familytree.dirkme.de\/#website\"},\"primaryImageOfPage\":{\"@id\":\"https:\/\/familytree.dirkme.de\/index.php\/johann-gottfried-zeller\/#primaryimage\"},\"image\":{\"@id\":\"https:\/\/familytree.dirkme.de\/index.php\/johann-gottfried-zeller\/#primaryimage\"},\"thumbnailUrl\":\"https:\/\/familytree.dirkme.de\/wp-content\/uploads\/2019\/09\/Johann_Zeller_1656-1734.jpg\",\"datePublished\":\"2019-09-20T20:11:22+00:00\",\"dateModified\":\"2019-10-29T10:50:21+00:00\",\"description\":\"Johann Gottfried Zeller (* 5. Januar 1656 in Lienzingen, Herzogtum W\u00fcrttemberg; \u2020 7. April 1734 in T\u00fcbingen) war ein deutscher Mediziner.Johann Zeller studierte in T\u00fcbingen und erlangte dort, nachdem er von einer gr\u00f6\u00dferen wissenschaftlichen Reise durch Frankreich, Holland und Deutschland zur\u00fcckgekehrt war, 1684 die medizinische Doktorw\u00fcrde. Er war dann zwei Jahre lang Reisebegleiter des F\u00fcrsten von Oettingen und seit 1686 au\u00dferordentlicher Professor in T\u00fcbingen.Johannes Zeller is the 7\u00d7great grandfather of Dirk Messerschmidt\",\"breadcrumb\":{\"@id\":\"https:\/\/familytree.dirkme.de\/index.php\/johann-gottfried-zeller\/#breadcrumb\"},\"inLanguage\":\"de\",\"potentialAction\":[{\"@type\":\"ReadAction\",\"target\":[\"https:\/\/familytree.dirkme.de\/index.php\/johann-gottfried-zeller\/\"]}]},{\"@type\":\"ImageObject\",\"inLanguage\":\"de\",\"@id\":\"https:\/\/familytree.dirkme.de\/index.php\/johann-gottfried-zeller\/#primaryimage\",\"url\":\"https:\/\/familytree.dirkme.de\/wp-content\/uploads\/2019\/09\/Johann_Zeller_1656-1734.jpg\",\"contentUrl\":\"https:\/\/familytree.dirkme.de\/wp-content\/uploads\/2019\/09\/Johann_Zeller_1656-1734.jpg\",\"width\":253,\"height\":321},{\"@type\":\"BreadcrumbList\",\"@id\":\"https:\/\/familytree.dirkme.de\/index.php\/johann-gottfried-zeller\/#breadcrumb\",\"itemListElement\":[{\"@type\":\"ListItem\",\"position\":1,\"name\":\"Startseite\",\"item\":\"https:\/\/familytree.dirkme.de\/\"},{\"@type\":\"ListItem\",\"position\":2,\"name\":\"Zeller\"}]},{\"@type\":\"WebSite\",\"@id\":\"https:\/\/familytree.dirkme.de\/#website\",\"url\":\"https:\/\/familytree.dirkme.de\/\",\"name\":\"Stammbaum Ahnenforschung Messerschmidt Georgii\",\"description\":\"Family Tree History Messerschmidt Georgii Georgenau Kepler Bardili K\u00f6bberling Fl\u00fcgge Moser Zeller Alber Genealogie Vorfahren Ahnen\",\"publisher\":{\"@id\":\"https:\/\/familytree.dirkme.de\/#organization\"},\"potentialAction\":[{\"@type\":\"SearchAction\",\"target\":{\"@type\":\"EntryPoint\",\"urlTemplate\":\"https:\/\/familytree.dirkme.de\/?s={search_term_string}\"},\"query-input\":{\"@type\":\"PropertyValueSpecification\",\"valueRequired\":true,\"valueName\":\"search_term_string\"}}],\"inLanguage\":\"de\"},{\"@type\":\"Organization\",\"@id\":\"https:\/\/familytree.dirkme.de\/#organization\",\"name\":\"Family Tree Messerschmidt Georgii Kepler Bardili K\u00f6bberling Fl\u00fcgge\",\"url\":\"https:\/\/familytree.dirkme.de\/\",\"logo\":{\"@type\":\"ImageObject\",\"inLanguage\":\"de\",\"@id\":\"https:\/\/familytree.dirkme.de\/#\/schema\/logo\/image\/\",\"url\":\"https:\/\/familytree.dirkme.de\/wp-content\/uploads\/2019\/09\/favicon2.bmp\",\"contentUrl\":\"https:\/\/familytree.dirkme.de\/wp-content\/uploads\/2019\/09\/favicon2.bmp\",\"width\":48,\"height\":48,\"caption\":\"Family Tree Messerschmidt Georgii Kepler Bardili K\u00f6bberling Fl\u00fcgge\"},\"image\":{\"@id\":\"https:\/\/familytree.dirkme.de\/#\/schema\/logo\/image\/\"}}]}<\/script>\n<!-- \/ Yoast SEO plugin. -->","yoast_head_json":{"title":"Zeller - Stammbaum Ahnenforschung Messerschmidt Georgii","description":"Johann Gottfried Zeller (* 5. Januar 1656 in Lienzingen, Herzogtum W\u00fcrttemberg; \u2020 7. April 1734 in T\u00fcbingen) war ein deutscher Mediziner.Johann Zeller studierte in T\u00fcbingen und erlangte dort, nachdem er von einer gr\u00f6\u00dferen wissenschaftlichen Reise durch Frankreich, Holland und Deutschland zur\u00fcckgekehrt war, 1684 die medizinische Doktorw\u00fcrde. Er war dann zwei Jahre lang Reisebegleiter des F\u00fcrsten von Oettingen und seit 1686 au\u00dferordentlicher Professor in T\u00fcbingen.Johannes Zeller is the 7\u00d7great grandfather of Dirk Messerschmidt","robots":{"index":"index","follow":"follow","max-snippet":"max-snippet:-1","max-image-preview":"max-image-preview:large","max-video-preview":"max-video-preview:-1"},"canonical":"https:\/\/familytree.dirkme.de\/index.php\/johann-gottfried-zeller\/","og_locale":"de_DE","og_type":"article","og_title":"Zeller - Stammbaum Ahnenforschung Messerschmidt Georgii","og_description":"Johann Gottfried Zeller (* 5. Januar 1656 in Lienzingen, Herzogtum W\u00fcrttemberg; \u2020 7. April 1734 in T\u00fcbingen) war ein deutscher Mediziner.Johann Zeller studierte in T\u00fcbingen und erlangte dort, nachdem er von einer gr\u00f6\u00dferen wissenschaftlichen Reise durch Frankreich, Holland und Deutschland zur\u00fcckgekehrt war, 1684 die medizinische Doktorw\u00fcrde. Er war dann zwei Jahre lang Reisebegleiter des F\u00fcrsten von Oettingen und seit 1686 au\u00dferordentlicher Professor in T\u00fcbingen.Johannes Zeller is the 7\u00d7great grandfather of Dirk Messerschmidt","og_url":"https:\/\/familytree.dirkme.de\/index.php\/johann-gottfried-zeller\/","og_site_name":"Stammbaum Ahnenforschung Messerschmidt Georgii","article_modified_time":"2019-10-29T10:50:21+00:00","og_image":[{"width":253,"height":321,"url":"https:\/\/familytree.dirkme.de\/wp-content\/uploads\/2019\/09\/Johann_Zeller_1656-1734.jpg","type":"image\/jpeg"}],"twitter_card":"summary_large_image","schema":{"@context":"https:\/\/schema.org","@graph":[{"@type":"WebPage","@id":"https:\/\/familytree.dirkme.de\/index.php\/johann-gottfried-zeller\/","url":"https:\/\/familytree.dirkme.de\/index.php\/johann-gottfried-zeller\/","name":"Zeller - Stammbaum Ahnenforschung Messerschmidt Georgii","isPartOf":{"@id":"https:\/\/familytree.dirkme.de\/#website"},"primaryImageOfPage":{"@id":"https:\/\/familytree.dirkme.de\/index.php\/johann-gottfried-zeller\/#primaryimage"},"image":{"@id":"https:\/\/familytree.dirkme.de\/index.php\/johann-gottfried-zeller\/#primaryimage"},"thumbnailUrl":"https:\/\/familytree.dirkme.de\/wp-content\/uploads\/2019\/09\/Johann_Zeller_1656-1734.jpg","datePublished":"2019-09-20T20:11:22+00:00","dateModified":"2019-10-29T10:50:21+00:00","description":"Johann Gottfried Zeller (* 5. Januar 1656 in Lienzingen, Herzogtum W\u00fcrttemberg; \u2020 7. April 1734 in T\u00fcbingen) war ein deutscher Mediziner.Johann Zeller studierte in T\u00fcbingen und erlangte dort, nachdem er von einer gr\u00f6\u00dferen wissenschaftlichen Reise durch Frankreich, Holland und Deutschland zur\u00fcckgekehrt war, 1684 die medizinische Doktorw\u00fcrde. Er war dann zwei Jahre lang Reisebegleiter des F\u00fcrsten von Oettingen und seit 1686 au\u00dferordentlicher Professor in T\u00fcbingen.Johannes Zeller is the 7\u00d7great grandfather of Dirk Messerschmidt","breadcrumb":{"@id":"https:\/\/familytree.dirkme.de\/index.php\/johann-gottfried-zeller\/#breadcrumb"},"inLanguage":"de","potentialAction":[{"@type":"ReadAction","target":["https:\/\/familytree.dirkme.de\/index.php\/johann-gottfried-zeller\/"]}]},{"@type":"ImageObject","inLanguage":"de","@id":"https:\/\/familytree.dirkme.de\/index.php\/johann-gottfried-zeller\/#primaryimage","url":"https:\/\/familytree.dirkme.de\/wp-content\/uploads\/2019\/09\/Johann_Zeller_1656-1734.jpg","contentUrl":"https:\/\/familytree.dirkme.de\/wp-content\/uploads\/2019\/09\/Johann_Zeller_1656-1734.jpg","width":253,"height":321},{"@type":"BreadcrumbList","@id":"https:\/\/familytree.dirkme.de\/index.php\/johann-gottfried-zeller\/#breadcrumb","itemListElement":[{"@type":"ListItem","position":1,"name":"Startseite","item":"https:\/\/familytree.dirkme.de\/"},{"@type":"ListItem","position":2,"name":"Zeller"}]},{"@type":"WebSite","@id":"https:\/\/familytree.dirkme.de\/#website","url":"https:\/\/familytree.dirkme.de\/","name":"Stammbaum Ahnenforschung Messerschmidt Georgii","description":"Family Tree History Messerschmidt Georgii Georgenau Kepler Bardili K\u00f6bberling Fl\u00fcgge Moser Zeller Alber Genealogie Vorfahren Ahnen","publisher":{"@id":"https:\/\/familytree.dirkme.de\/#organization"},"potentialAction":[{"@type":"SearchAction","target":{"@type":"EntryPoint","urlTemplate":"https:\/\/familytree.dirkme.de\/?s={search_term_string}"},"query-input":{"@type":"PropertyValueSpecification","valueRequired":true,"valueName":"search_term_string"}}],"inLanguage":"de"},{"@type":"Organization","@id":"https:\/\/familytree.dirkme.de\/#organization","name":"Family Tree Messerschmidt Georgii Kepler Bardili K\u00f6bberling Fl\u00fcgge","url":"https:\/\/familytree.dirkme.de\/","logo":{"@type":"ImageObject","inLanguage":"de","@id":"https:\/\/familytree.dirkme.de\/#\/schema\/logo\/image\/","url":"https:\/\/familytree.dirkme.de\/wp-content\/uploads\/2019\/09\/favicon2.bmp","contentUrl":"https:\/\/familytree.dirkme.de\/wp-content\/uploads\/2019\/09\/favicon2.bmp","width":48,"height":48,"caption":"Family Tree Messerschmidt Georgii Kepler Bardili K\u00f6bberling Fl\u00fcgge"},"image":{"@id":"https:\/\/familytree.dirkme.de\/#\/schema\/logo\/image\/"}}]}},"_links":{"self":[{"href":"https:\/\/familytree.dirkme.de\/index.php\/wp-json\/wp\/v2\/pages\/5644","targetHints":{"allow":["GET"]}}],"collection":[{"href":"https:\/\/familytree.dirkme.de\/index.php\/wp-json\/wp\/v2\/pages"}],"about":[{"href":"https:\/\/familytree.dirkme.de\/index.php\/wp-json\/wp\/v2\/types\/page"}],"author":[{"embeddable":true,"href":"https:\/\/familytree.dirkme.de\/index.php\/wp-json\/wp\/v2\/users\/1"}],"replies":[{"embeddable":true,"href":"https:\/\/familytree.dirkme.de\/index.php\/wp-json\/wp\/v2\/comments?post=5644"}],"version-history":[{"count":5,"href":"https:\/\/familytree.dirkme.de\/index.php\/wp-json\/wp\/v2\/pages\/5644\/revisions"}],"predecessor-version":[{"id":10673,"href":"https:\/\/familytree.dirkme.de\/index.php\/wp-json\/wp\/v2\/pages\/5644\/revisions\/10673"}],"wp:featuredmedia":[{"embeddable":true,"href":"https:\/\/familytree.dirkme.de\/index.php\/wp-json\/wp\/v2\/media\/10700"}],"wp:attachment":[{"href":"https:\/\/familytree.dirkme.de\/index.php\/wp-json\/wp\/v2\/media?parent=5644"}],"curies":[{"name":"wp","href":"https:\/\/api.w.org\/{rel}","templated":true}]}}